{"id":1155,"date":"2023-05-18T18:40:15","date_gmt":"2023-05-18T15:40:15","guid":{"rendered":"https:\/\/omerfarukyavascay.com\/?page_id=1155"},"modified":"2023-05-18T19:49:51","modified_gmt":"2023-05-18T16:49:51","slug":"gundem-olan-twittlerim","status":"publish","type":"page","link":"https:\/\/omerfarukyavascay.com\/?page_id=1155","title":{"rendered":"G\u00fcndem Olan Twittlerim"},"content":{"rendered":"\n<div class=\"wp-block-columns is-layout-flex wp-container-core-columns-is-layout-1 wp-block-columns-is-layout-flex\">\n<div class=\"wp-block-column is-layout-flow wp-block-column-is-layout-flow\">\n<h2 class=\"has-text-align-center has-medium-font-size has-custom-font wp-block-heading\" style=\"font-family:Arial\">1-(2 Milyon G\u00f6r\u00fcnt\u00fcleme)<\/h2>\n\n\n\n<figure class=\"wp-block-embed aligncenter is-type-rich is-provider-twitter wp-block-embed-twitter\"><div class=\"wp-block-embed__wrapper\">\n<blockquote class=\"twitter-tweet\" data-width=\"550\" data-dnt=\"true\"><p lang=\"tr\" dir=\"ltr\">\u0130smini vermek istemedi\u011fim yakla\u015f\u0131k 135 y\u0131ll\u0131k tarihi olan bir fabrikam\u0131zdan, geriye sadece iki adet \u00e7ini pano kald\u0131\u011f\u0131n\u0131 tespit ettim. Bu \u00e7iniler, tarihi fabrikam\u0131zdan geriye kalan son sanatsal eserler; yok olmadan \u00f6nce m\u00fczeye kald\u0131r\u0131lmas\u0131 gerekiyor \ud83d\ude4f <a href=\"https:\/\/t.co\/vzEboQwLDe\">pic.twitter.com\/vzEboQwLDe<\/a><\/p>&mdash; \u00d6mer Faruk Yava\u015f\u00e7ay (@omeryavascay) <a href=\"https:\/\/twitter.com\/omeryavascay\/status\/1647915591771074565?ref_src=twsrc%5Etfw\">April 17, 2023<\/a><\/blockquote><script async src=\"https:\/\/platform.twitter.com\/widgets.js\" charset=\"utf-8\"><\/script>\n<\/div><\/figure>\n<\/div>\n\n\n\n<div class=\"wp-block-column is-layout-flow wp-block-column-is-layout-flow\">\n<h2 class=\"has-text-align-center has-medium-font-size has-custom-font wp-block-heading\" style=\"font-family:Arial\">2-(310 Bin G\u00f6r\u00fcnt\u00fcleme)<\/h2>\n\n\n\n<figure class=\"wp-block-embed aligncenter is-type-rich is-provider-twitter wp-block-embed-twitter\"><div class=\"wp-block-embed__wrapper\">\n<blockquote class=\"twitter-tweet\" data-width=\"550\" data-dnt=\"true\"><p lang=\"tr\" dir=\"ltr\"><a href=\"https:\/\/twitter.com\/hashtag\/%C4%B0stanbul?src=hash&amp;ref_src=twsrc%5Etfw\">#\u0130stanbul<\/a>&#39;un 1500 y\u0131ll\u0131k tarihi kara surlar\u0131n\u0131n alt\u0131nc\u0131 kulesin de b\u00fcy\u00fck ve derin \u00e7atlaklar tespit ettim. Bizlere Do\u011fu <a href=\"https:\/\/twitter.com\/hashtag\/Roma?src=hash&amp;ref_src=twsrc%5Etfw\">#Roma<\/a> ve <a href=\"https:\/\/twitter.com\/hashtag\/Osmanl%C4%B1?src=hash&amp;ref_src=twsrc%5Etfw\">#Osmanl\u0131<\/a> imparatorlu\u011fu&#39;ndan miras kalan bu tarihi yap\u0131n\u0131n, y\u0131k\u0131lmadan \u00f6nce acilen kurtar\u0131lmaya ihtiyac\u0131 var. Yoksa bu e\u015fsiz miras\u0131m\u0131z\u0131 kaybedebiliriz&#8230; <a href=\"https:\/\/t.co\/n7BOvk0dQU\">pic.twitter.com\/n7BOvk0dQU<\/a><\/p>&mdash; \u00d6mer Faruk Yava\u015f\u00e7ay (@omeryavascay) <a href=\"https:\/\/twitter.com\/omeryavascay\/status\/1603408863641968641?ref_src=twsrc%5Etfw\">December 15, 2022<\/a><\/blockquote><script async src=\"https:\/\/platform.twitter.com\/widgets.js\" charset=\"utf-8\"><\/script>\n<\/div><\/figure>\n<\/div>\n\n\n\n<div class=\"wp-block-column is-layout-flow wp-block-column-is-layout-flow\">\n<h2 class=\"has-text-align-center has-medium-font-size has-custom-font wp-block-heading\" style=\"font-family:Arial\">3-(300 Bin G\u00f6r\u00fcnt\u00fcleme)<\/h2>\n\n\n\n<figure class=\"wp-block-embed aligncenter is-type-rich is-provider-twitter wp-block-embed-twitter\"><div class=\"wp-block-embed__wrapper\">\n<blockquote class=\"twitter-tweet\" data-width=\"550\" data-dnt=\"true\"><p lang=\"tr\" dir=\"ltr\">Bug\u00fcn \u00e7ok \u00f6nemli bir konuyu g\u00fcndeme getirmek istiyorum. Konumuz &#39;\u0130stanbul&#39;un orta noktas\u0131&#39;  tarihi eserimizin ne kadar k\u00f6t\u00fc durumda oldu\u011funu anlataca\u011f\u0131m; Eserimizi acilen kurtarmam\u0131z ve d\u00fcnyaya tan\u0131tmam\u0131z gerekmektedir. Altdaki yaz\u0131lar\u0131mda nas\u0131l ba\u015faraca\u011f\u0131m\u0131z\u0131 anlataca\u011f\u0131m. <a href=\"https:\/\/t.co\/TjU4ZDX8ts\">pic.twitter.com\/TjU4ZDX8ts<\/a><\/p>&mdash; \u00d6mer Faruk Yava\u015f\u00e7ay (@omeryavascay) <a href=\"https:\/\/twitter.com\/omeryavascay\/status\/1561069031834222595?ref_src=twsrc%5Etfw\">August 20, 2022<\/a><\/blockquote><script async src=\"https:\/\/platform.twitter.com\/widgets.js\" charset=\"utf-8\"><\/script>\n<\/div><\/figure>\n<\/div>\n<\/div>\n\n\n\n<div class=\"wp-block-columns is-layout-flex wp-container-core-columns-is-layout-2 wp-block-columns-is-layout-flex\">\n<div class=\"wp-block-column is-layout-flow wp-block-column-is-layout-flow\">\n<h2 class=\"has-text-align-center has-medium-font-size has-custom-font wp-block-heading\" style=\"font-family:Arial\">4-(270 Bin G\u00f6r\u00fcnt\u00fcleme)<\/h2>\n\n\n\n<figure class=\"wp-block-embed aligncenter is-type-rich is-provider-twitter wp-block-embed-twitter\"><div class=\"wp-block-embed__wrapper\">\n<blockquote class=\"twitter-tweet\" data-width=\"550\" data-dnt=\"true\"><p lang=\"tr\" dir=\"ltr\">\u00c7ekmi\u015f oldu\u011fum \u00e7ok \u00fcz\u00fcc\u00fc bir foto\u011fraf\u0131 sizin ile payla\u015fmak istiyorum. D\u00fcnya&#39;n\u0131n en g\u00fczel \u015fehri <a href=\"https:\/\/twitter.com\/hashtag\/%C4%B0stanbul?src=hash&amp;ref_src=twsrc%5Etfw\">#\u0130stanbul<\/a>&#39;un tam merkezi&#39;ne, Osmanl\u0131 imparatorlu\u011fu&#39;nun e\u015fsiz tarihi eserlerinin aras\u0131na;nas\u0131l b\u00f6yle b\u00fcy\u00fckl\u00fckte bir beton yap\u0131 yap\u0131labilir? <a href=\"https:\/\/t.co\/eA6C39E0h2\">pic.twitter.com\/eA6C39E0h2<\/a><\/p>&mdash; \u00d6mer Faruk Yava\u015f\u00e7ay (@omeryavascay) <a href=\"https:\/\/twitter.com\/omeryavascay\/status\/1621169110624108544?ref_src=twsrc%5Etfw\">February 2, 2023<\/a><\/blockquote><script async src=\"https:\/\/platform.twitter.com\/widgets.js\" charset=\"utf-8\"><\/script>\n<\/div><\/figure>\n<\/div>\n\n\n\n<div class=\"wp-block-column is-layout-flow wp-block-column-is-layout-flow\">\n<h2 class=\"has-text-align-center has-medium-font-size has-custom-font wp-block-heading\" style=\"font-family:Arial\">5-(263 Bin G\u00f6r\u00fcnt\u00fcleme)<\/h2>\n\n\n\n<figure class=\"wp-block-embed is-type-rich is-provider-twitter wp-block-embed-twitter\"><div class=\"wp-block-embed__wrapper\">\n<blockquote class=\"twitter-tweet\" data-width=\"550\" data-dnt=\"true\"><p lang=\"tr\" dir=\"ltr\">Sana bu k\u00f6t\u00fcl\u00fc\u011f\u00fc yapt\u0131\u011f\u0131m\u0131z i\u00e7in \u00f6z\u00fcr dilerim \u0130stanbul. Bizi hi\u00e7bir zaman affetme&#8230; <a href=\"https:\/\/t.co\/XcXriXul7O\">pic.twitter.com\/XcXriXul7O<\/a><\/p>&mdash; \u00d6mer Faruk Yava\u015f\u00e7ay (@omeryavascay) <a href=\"https:\/\/twitter.com\/omeryavascay\/status\/1649920516340211714?ref_src=twsrc%5Etfw\">April 22, 2023<\/a><\/blockquote><script async src=\"https:\/\/platform.twitter.com\/widgets.js\" charset=\"utf-8\"><\/script>\n<\/div><\/figure>\n<\/div>\n\n\n\n<div class=\"wp-block-column is-layout-flow wp-block-column-is-layout-flow\">\n<h2 class=\"has-text-align-center has-medium-font-size has-custom-font wp-block-heading\" style=\"font-family:Arial\">6-(207 Bin G\u00f6r\u00fcnt\u00fcleme)<\/h2>\n\n\n\n<figure class=\"wp-block-embed aligncenter is-type-rich is-provider-twitter wp-block-embed-twitter\"><div class=\"wp-block-embed__wrapper\">\n<blockquote class=\"twitter-tweet\" data-width=\"550\" data-dnt=\"true\"><p lang=\"tr\" dir=\"ltr\">\u0130stanbul&#39;un Ba\u011fc\u0131lar il\u00e7esinde; ilgin\u00e7 olmas\u0131na ra\u011fmen tarihi bir \u015fapel var. \u015eapelimiz \u015fu anda \u00e7ok k\u00f6t\u00fc bir durumda. Ba\u011fc\u0131lar da tek olan bu tarihi noktan\u0131n, g\u00fcndeme gelip \u00f6n plana \u00e7\u0131kar\u0131lmas\u0131 ve k\u00fclt\u00fcr sanat hayat\u0131m\u0131za kazand\u0131r\u0131lmas\u0131 gerekiyor. <a href=\"https:\/\/t.co\/NNjO8esv5j\">pic.twitter.com\/NNjO8esv5j<\/a><\/p>&mdash; \u00d6mer Faruk Yava\u015f\u00e7ay (@omeryavascay) <a href=\"https:\/\/twitter.com\/omeryavascay\/status\/1655157152250580993?ref_src=twsrc%5Etfw\">May 7, 2023<\/a><\/blockquote><script async src=\"https:\/\/platform.twitter.com\/widgets.js\" charset=\"utf-8\"><\/script>\n<\/div><\/figure>\n<\/div>\n<\/div>\n\n\n\n<div class=\"wp-block-columns is-layout-flex wp-container-core-columns-is-layout-3 wp-block-columns-is-layout-flex\">\n<div class=\"wp-block-column is-layout-flow wp-block-column-is-layout-flow\">\n<h2 class=\"has-text-align-center has-medium-font-size has-custom-font wp-block-heading\" style=\"font-family:Arial\">7-(200 Bin G\u00f6r\u00fcnt\u00fcleme)<\/h2>\n\n\n\n<figure class=\"wp-block-embed aligncenter is-type-rich is-provider-twitter wp-block-embed-twitter\"><div class=\"wp-block-embed__wrapper\">\n<blockquote class=\"twitter-tweet\" data-width=\"550\" data-dnt=\"true\"><p lang=\"tr\" dir=\"ltr\">Bu foto\u011fraf\u0131 d\u00fcn gece (24 Nisan) saat 22.43&#39;te Ayasofya Camiinde \u00e7ektim, Osmanl\u0131&#39;dan kalma su haznesinin kapa\u011f\u0131n\u0131 k\u0131r\u0131p i\u00e7ine ve yan\u0131na ayakkab\u0131lar\u0131n\u0131 koymu\u015f insanlar,kimsenin umurunda de\u011fil bu durum,Yard\u0131ma ihtiyac\u0131 var <a href=\"https:\/\/twitter.com\/Talhaugurluel?ref_src=twsrc%5Etfw\">@Talhaugurluel<\/a> <a href=\"https:\/\/twitter.com\/CirkinIstanbul?ref_src=twsrc%5Etfw\">@CirkinIstanbul<\/a> <a href=\"https:\/\/twitter.com\/mhrpolat?ref_src=twsrc%5Etfw\">@mhrpolat<\/a> <a href=\"https:\/\/twitter.com\/hashtag\/ayasofya?src=hash&amp;ref_src=twsrc%5Etfw\">#ayasofya<\/a> <a href=\"https:\/\/t.co\/ifdQFiIcoM\">pic.twitter.com\/ifdQFiIcoM<\/a><\/p>&mdash; \u00d6mer Faruk Yava\u015f\u00e7ay (@omeryavascay) <a href=\"https:\/\/twitter.com\/omeryavascay\/status\/1518744939814866944?ref_src=twsrc%5Etfw\">April 26, 2022<\/a><\/blockquote><script async src=\"https:\/\/platform.twitter.com\/widgets.js\" charset=\"utf-8\"><\/script>\n<\/div><\/figure>\n<\/div>\n\n\n\n<div class=\"wp-block-column is-layout-flow wp-block-column-is-layout-flow\">\n<h2 class=\"has-medium-font-size wp-block-heading\"><\/h2>\n<\/div>\n\n\n\n<div class=\"wp-block-column is-layout-flow wp-block-column-is-layout-flow\"><\/div>\n<\/div>\n","protected":false},"excerpt":{"rendered":"<p>1-(2 Milyon G\u00f6r\u00fcnt\u00fcleme) 2-(310 Bin G\u00f6r\u00fcnt\u00fcleme) 3-(300 Bin G\u00f6r\u00fcnt\u00fcleme) 4-(270 Bin G\u00f6r\u00fcnt\u00fcleme) 5-(263 Bin G\u00f6r\u00fcnt\u00fcleme) 6-(207 Bin G\u00f6r\u00fcnt\u00fcleme) 7-(200 Bin G\u00f6r\u00fcnt\u00fcleme)<\/p>\n","protected":false},"author":1,"featured_media":0,"parent":0,"menu_order":0,"comment_status":"closed","ping_status":"closed","template":"","meta":{"footnotes":""},"class_list":["post-1155","page","type-page","status-publish","hentry"],"_links":{"self":[{"href":"https:\/\/omerfarukyavascay.com\/index.php?rest_route=\/wp\/v2\/pages\/1155","targetHints":{"allow":["GET"]}}],"collection":[{"href":"https:\/\/omerfarukyavascay.com\/index.php?rest_route=\/wp\/v2\/pages"}],"about":[{"href":"https:\/\/omerfarukyavascay.com\/index.php?rest_route=\/wp\/v2\/types\/page"}],"author":[{"embeddable":true,"href":"https:\/\/omerfarukyavascay.com\/index.php?rest_route=\/wp\/v2\/users\/1"}],"replies":[{"embeddable":true,"href":"https:\/\/omerfarukyavascay.com\/index.php?rest_route=%2Fwp%2Fv2%2Fcomments&post=1155"}],"version-history":[{"count":16,"href":"https:\/\/omerfarukyavascay.com\/index.php?rest_route=\/wp\/v2\/pages\/1155\/revisions"}],"predecessor-version":[{"id":1175,"href":"https:\/\/omerfarukyavascay.com\/index.php?rest_route=\/wp\/v2\/pages\/1155\/revisions\/1175"}],"wp:attachment":[{"href":"https:\/\/omerfarukyavascay.com\/index.php?rest_route=%2Fwp%2Fv2%2Fmedia&parent=1155"}],"curies":[{"name":"wp","href":"https:\/\/api.w.org\/{rel}","templated":true}]}}