{"id":12,"date":"2022-09-07T08:21:02","date_gmt":"2022-09-07T08:21:02","guid":{"rendered":"http:\/\/xn--merfarukyavaay-rjb1up0e.com\/ana-sayfa\/"},"modified":"2025-04-14T01:24:22","modified_gmt":"2025-04-13T22:24:22","slug":"ana-sayfa","status":"publish","type":"page","link":"https:\/\/omerfarukyavascay.com\/","title":{"rendered":"\u00d6MER FARUK YAVA\u015e\u00c7AY"},"content":{"rendered":"\n<h2 class=\"wp-block-heading has-text-align-center has-cyan-bluish-gray-color has-text-color\" style=\"font-size:60px\">-E\u015fsiz Miras\u0131m\u0131z\u0131n Muhaf\u0131z\u0131-<\/h2>\n\n\n\n<h2 class=\"wp-block-heading has-text-align-center has-cyan-bluish-gray-color has-text-color\" style=\"font-size:30px\">-Ar\u015f. Arkeolog ve Tarihi Eser Koruyucusu-<\/h2>\n\n\n\n<div style=\"height:100px\" aria-hidden=\"true\" class=\"wp-block-spacer\"><\/div>\n\n\n\n<div class=\"wp-block-columns is-layout-flex wp-container-core-columns-is-layout-1 wp-block-columns-is-layout-flex\">\n<div class=\"wp-block-column is-layout-flow wp-block-column-is-layout-flow\" style=\"flex-basis:100%\">\n<h2 class=\"wp-block-heading has-text-align-center\"><a href=\"https:\/\/omerfarukyavascay.com\/?page_id=2238\" target=\"_blank\" rel=\"noreferrer noopener\">PROGRAMLARIM<\/a><\/h2>\n\n\n\n<p><\/p>\n\n\n<div class=\"wp-block-image\">\n<figure class=\"aligncenter size-full is-resized has-lightbox\"><a href=\"https:\/\/omerfarukyavascay.com\/?page_id=2238\" target=\"_blank\" rel=\" noreferrer noopener\"><img loading=\"lazy\" decoding=\"async\" width=\"1026\" height=\"577\" src=\"https:\/\/omerfarukyavascay.com\/wp-content\/uploads\/2025\/04\/Ekran-goruntusu-2025-04-14-012211.png\" alt=\"\" class=\"wp-image-2315\" style=\"width:411px;height:auto\" srcset=\"https:\/\/omerfarukyavascay.com\/wp-content\/uploads\/2025\/04\/Ekran-goruntusu-2025-04-14-012211.png 1026w, https:\/\/omerfarukyavascay.com\/wp-content\/uploads\/2025\/04\/Ekran-goruntusu-2025-04-14-012211-300x169.png 300w, https:\/\/omerfarukyavascay.com\/wp-content\/uploads\/2025\/04\/Ekran-goruntusu-2025-04-14-012211-1024x576.png 1024w, https:\/\/omerfarukyavascay.com\/wp-content\/uploads\/2025\/04\/Ekran-goruntusu-2025-04-14-012211-768x432.png 768w\" sizes=\"auto, (max-width: 1026px) 100vw, 1026px\" \/><\/a><\/figure><\/div><\/div>\n<\/div>\n\n\n\n<div style=\"height:100px\" aria-hidden=\"true\" class=\"wp-block-spacer\"><\/div>\n\n\n\n<h2 class=\"wp-block-heading has-text-align-center has-white-background-color has-background\" style=\"font-size:25px\"><a href=\"https:\/\/omerfarukyavascay.com\/?page_id=1083\" target=\"_blank\" rel=\"noreferrer noopener\">SPONSORLARIM<\/a><\/h2>\n\n\n\n<div style=\"height:26px\" aria-hidden=\"true\" class=\"wp-block-spacer\"><\/div>\n\n\n\n<div class=\"wp-block-columns is-layout-flex wp-container-core-columns-is-layout-2 wp-block-columns-is-layout-flex\">\n<div class=\"wp-block-column is-layout-flow wp-block-column-is-layout-flow\"><\/div>\n<\/div>\n\n\n\n<h2 class=\"wp-block-heading has-text-align-center has-white-color has-vivid-red-background-color has-text-color has-background has-link-color wp-elements-6de89220deb032e5f1e42410558c799f\" style=\"font-size:28px\"><a href=\"https:\/\/omerfarukyavascay.com\/?page_id=1083\" data-type=\"link\" data-id=\"https:\/\/omerfarukyavascay.com\/?page_id=1083\" target=\"_blank\" rel=\"noreferrer noopener\">BU ALANA REKLAM VEREB\u0130L\u0130R YADA SPONSOR OLAB\u0130L\u0130RS\u0130N\u0130Z<\/a><\/h2>\n\n\n\n<div style=\"height:100px\" aria-hidden=\"true\" class=\"wp-block-spacer\"><\/div>\n\n\n\n<div class=\"wp-block-columns is-layout-flex wp-container-core-columns-is-layout-3 wp-block-columns-is-layout-flex\">\n<div class=\"wp-block-column is-layout-flow wp-block-column-is-layout-flow\">\n<figure class=\"wp-block-gallery aligncenter has-nested-images columns-default is-cropped wp-block-gallery-1 is-layout-flex wp-block-gallery-is-layout-flex\">\n<figure class=\"wp-block-image size-large is-style-rounded\"><img loading=\"lazy\" decoding=\"async\" width=\"1024\" height=\"1024\" src=\"http:\/\/omerfarukyavascay.com\/wp-content\/uploads\/2022\/09\/WhatsApp-Image-2022-09-20-at-00.24.35-1024x1024.jpeg\" alt=\"\" class=\"wp-image-427\" srcset=\"https:\/\/omerfarukyavascay.com\/wp-content\/uploads\/2022\/09\/WhatsApp-Image-2022-09-20-at-00.24.35-1024x1024.jpeg 1024w, https:\/\/omerfarukyavascay.com\/wp-content\/uploads\/2022\/09\/WhatsApp-Image-2022-09-20-at-00.24.35-300x300.jpeg 300w, https:\/\/omerfarukyavascay.com\/wp-content\/uploads\/2022\/09\/WhatsApp-Image-2022-09-20-at-00.24.35-150x150.jpeg 150w, https:\/\/omerfarukyavascay.com\/wp-content\/uploads\/2022\/09\/WhatsApp-Image-2022-09-20-at-00.24.35-768x768.jpeg 768w, https:\/\/omerfarukyavascay.com\/wp-content\/uploads\/2022\/09\/WhatsApp-Image-2022-09-20-at-00.24.35-1536x1536.jpeg 1536w, https:\/\/omerfarukyavascay.com\/wp-content\/uploads\/2022\/09\/WhatsApp-Image-2022-09-20-at-00.24.35-1140x1139.jpeg 1140w, https:\/\/omerfarukyavascay.com\/wp-content\/uploads\/2022\/09\/WhatsApp-Image-2022-09-20-at-00.24.35-75x75.jpeg 75w, https:\/\/omerfarukyavascay.com\/wp-content\/uploads\/2022\/09\/WhatsApp-Image-2022-09-20-at-00.24.35.jpeg 1749w\" sizes=\"auto, (max-width: 1024px) 100vw, 1024px\" \/><\/figure>\n<\/figure>\n\n\n\n<h2 class=\"wp-block-heading has-text-align-center has-medium-font-size\" style=\"font-style:normal;font-weight:700\">Ara\u015ft\u0131rmac\u0131 Arkeolog<\/h2>\n\n\n\n<p class=\"has-text-align-center\" style=\"font-size:17px\">&#8220;Serbest arkeolog olman\u0131n en b\u00fcy\u00fck avantaj\u0131, kendi \u00e7al\u0131\u015fma saatlerimi belirleyebilmek ve istedi\u011fim kadar tarihi eserlerin pe\u015finden ko\u015fabilmek. Bu sayede, pek \u00e7ok tarihi eserin i\u00e7inde bulundu\u011fu s\u0131k\u0131nt\u0131lar\u0131 bizzat yerinde g\u00f6zlemleyip belgeleme f\u0131rsat\u0131 buluyorum. Ara\u015ft\u0131rmac\u0131 ki\u015fili\u011fim sayesinde de bu eserleri incelerken en k\u00fc\u00e7\u00fck ayr\u0131nt\u0131y\u0131 bile ka\u00e7\u0131rmamaya \u00f6zen g\u00f6steriyorum.&#8221;<\/p>\n<\/div>\n\n\n\n<div class=\"wp-block-column is-layout-flow wp-block-column-is-layout-flow\"><div class=\"wp-block-image is-style-rounded\">\n<figure class=\"aligncenter size-large\"><img loading=\"lazy\" decoding=\"async\" width=\"1024\" height=\"972\" src=\"http:\/\/omerfarukyavascay.com\/wp-content\/uploads\/2022\/09\/WhatsApp-Image-2022-09-20-at-00.18.40-1-1024x972.jpeg\" alt=\"\" class=\"wp-image-418\" srcset=\"https:\/\/omerfarukyavascay.com\/wp-content\/uploads\/2022\/09\/WhatsApp-Image-2022-09-20-at-00.18.40-1-1024x972.jpeg 1024w, https:\/\/omerfarukyavascay.com\/wp-content\/uploads\/2022\/09\/WhatsApp-Image-2022-09-20-at-00.18.40-1-300x285.jpeg 300w, https:\/\/omerfarukyavascay.com\/wp-content\/uploads\/2022\/09\/WhatsApp-Image-2022-09-20-at-00.18.40-1-768x729.jpeg 768w, https:\/\/omerfarukyavascay.com\/wp-content\/uploads\/2022\/09\/WhatsApp-Image-2022-09-20-at-00.18.40-1-1536x1458.jpeg 1536w, https:\/\/omerfarukyavascay.com\/wp-content\/uploads\/2022\/09\/WhatsApp-Image-2022-09-20-at-00.18.40-1-1140x1082.jpeg 1140w, https:\/\/omerfarukyavascay.com\/wp-content\/uploads\/2022\/09\/WhatsApp-Image-2022-09-20-at-00.18.40-1.jpeg 2048w\" sizes=\"auto, (max-width: 1024px) 100vw, 1024px\" \/><\/figure><\/div>\n\n\n<h2 class=\"wp-block-heading has-text-align-center has-medium-font-size\" style=\"font-style:normal;font-weight:700\">Tarihi Eser Koruyucusu ve Foto\u011fraf\u00e7\u0131s\u0131<\/h2>\n\n\n\n<p class=\"has-text-align-center\" style=\"font-size:17px\">&#8220;Tarihi eserlerimizin g\u00f6rsel bir ar\u015fivini olu\u015fturarak, bu eserlerin tarihsel s\u00fcre\u00e7 i\u00e7indeki de\u011fi\u015fimini belgelemeye \u00e7al\u0131\u015f\u0131yorum. Bu \u00e7al\u0131\u015fma sayesinde, gelecek nesil ara\u015ft\u0131rmac\u0131lar i\u00e7in de\u011ferli bir veri taban\u0131 olu\u015fturuyoruz. Ancak, bu s\u00fcre\u00e7te bir\u00e7ok eserin tahrip oldu\u011funu g\u00f6rmek beni \u00fcz\u00fcyor.&#8221;<\/p>\n<\/div>\n\n\n\n<div class=\"wp-block-column is-layout-flow wp-block-column-is-layout-flow\"><div class=\"wp-block-image is-style-rounded\">\n<figure class=\"aligncenter size-large\"><img loading=\"lazy\" decoding=\"async\" width=\"1024\" height=\"972\" src=\"http:\/\/omerfarukyavascay.com\/wp-content\/uploads\/2022\/09\/WhatsApp-Image-2022-09-20-at-00.18.40-3-1024x972.jpeg\" alt=\"\" class=\"wp-image-419\" srcset=\"https:\/\/omerfarukyavascay.com\/wp-content\/uploads\/2022\/09\/WhatsApp-Image-2022-09-20-at-00.18.40-3-1024x972.jpeg 1024w, https:\/\/omerfarukyavascay.com\/wp-content\/uploads\/2022\/09\/WhatsApp-Image-2022-09-20-at-00.18.40-3-300x285.jpeg 300w, https:\/\/omerfarukyavascay.com\/wp-content\/uploads\/2022\/09\/WhatsApp-Image-2022-09-20-at-00.18.40-3-768x729.jpeg 768w, https:\/\/omerfarukyavascay.com\/wp-content\/uploads\/2022\/09\/WhatsApp-Image-2022-09-20-at-00.18.40-3-1140x1082.jpeg 1140w, https:\/\/omerfarukyavascay.com\/wp-content\/uploads\/2022\/09\/WhatsApp-Image-2022-09-20-at-00.18.40-3.jpeg 1280w\" sizes=\"auto, (max-width: 1024px) 100vw, 1024px\" \/><\/figure><\/div>\n\n\n<h2 class=\"wp-block-heading has-text-align-center has-medium-font-size\">E\u015fsiz Miras\u0131m\u0131z\u0131n Muhaf\u0131z\u0131<\/h2>\n\n\n\n<p class=\"has-text-align-center\" style=\"font-size:17px\">&#8220;Ara\u015ft\u0131rmac\u0131 arkeolog, tarihi eser koruyucusu ve foto\u011fraf\u00e7\u0131 kimliklerimle y\u00fcr\u00fctt\u00fc\u011f\u00fcm \u00e7al\u0131\u015fmalar neticesinde, pek \u00e7ok tarihi eserin&nbsp;g\u00fcndeme gelmesini, kay\u0131t alt\u0131na al\u0131nmas\u0131na ve toplumda bu konuda fark\u0131ndal\u0131k yarat\u0131lmas\u0131na katk\u0131da bulundum. Bu \u00f6zel g\u00f6revi ifade etmek \u00fczere &#8216;E\u015fsiz Miras\u0131m\u0131z\u0131n Muhaf\u0131z\u0131&#8217; ad\u0131n\u0131 benimsedim.&#8221;<\/p>\n<\/div>\n<\/div>\n\n\n\n<h2 class=\"wp-block-heading has-text-align-center\">SOSYAL MEDYAM<\/h2>\n\n\n\n<div style=\"height:100px\" aria-hidden=\"true\" class=\"wp-block-spacer\"><\/div>\n\n\n\n<div style=\"height:100px\" aria-hidden=\"true\" class=\"wp-block-spacer\"><\/div>\n\n\n\n<div class=\"wp-block-columns is-layout-flex wp-container-core-columns-is-layout-4 wp-block-columns-is-layout-flex\">\n<div class=\"wp-block-column is-layout-flow wp-block-column-is-layout-flow\"><div class=\"wp-block-image\">\n<figure class=\"aligncenter size-large is-resized\"><a href=\"https:\/\/www.youtube.com\/@ofyarkeoloji\/videos\"><img loading=\"lazy\" decoding=\"async\" width=\"1024\" height=\"709\" src=\"http:\/\/omerfarukyavascay.com\/wp-content\/uploads\/2022\/09\/3-YouTube_full-color_icon_2017.svg_-1024x709.png\" alt=\"\" class=\"wp-image-326\" style=\"width:211px;height:146px\" srcset=\"https:\/\/omerfarukyavascay.com\/wp-content\/uploads\/2022\/09\/3-YouTube_full-color_icon_2017.svg_-1024x709.png 1024w, https:\/\/omerfarukyavascay.com\/wp-content\/uploads\/2022\/09\/3-YouTube_full-color_icon_2017.svg_-300x208.png 300w, https:\/\/omerfarukyavascay.com\/wp-content\/uploads\/2022\/09\/3-YouTube_full-color_icon_2017.svg_-768x532.png 768w, https:\/\/omerfarukyavascay.com\/wp-content\/uploads\/2022\/09\/3-YouTube_full-color_icon_2017.svg_-1140x789.png 1140w, https:\/\/omerfarukyavascay.com\/wp-content\/uploads\/2022\/09\/3-YouTube_full-color_icon_2017.svg_.png 1280w\" sizes=\"auto, (max-width: 1024px) 100vw, 1024px\" \/><\/a><figcaption class=\"wp-element-caption\"><a href=\"https:\/\/www.youtube.com\/@omerfarukyavascay\/videos\" data-type=\"URL\" data-id=\"https:\/\/www.youtube.com\/@omerfarukyavascay\/videos\" target=\"_blank\" rel=\"noreferrer noopener\">\u00d6MER FARUK YAVA\u015e\u00c7AY<\/a><\/figcaption><\/figure><\/div><\/div>\n\n\n\n<div class=\"wp-block-column is-layout-flow wp-block-column-is-layout-flow\"><div class=\"wp-block-image\">\n<figure class=\"aligncenter size-full is-resized\"><a href=\"https:\/\/twitter.com\/omeryavascay\" target=\"_blank\" rel=\"noreferrer noopener\"><img loading=\"lazy\" decoding=\"async\" width=\"1024\" height=\"842\" src=\"http:\/\/omerfarukyavascay.com\/wp-content\/uploads\/2022\/09\/2-Twitter-logo.svg_.png\" alt=\"\" class=\"wp-image-325\" style=\"width:181px;height:148px\" srcset=\"https:\/\/omerfarukyavascay.com\/wp-content\/uploads\/2022\/09\/2-Twitter-logo.svg_.png 1024w, https:\/\/omerfarukyavascay.com\/wp-content\/uploads\/2022\/09\/2-Twitter-logo.svg_-300x247.png 300w, https:\/\/omerfarukyavascay.com\/wp-content\/uploads\/2022\/09\/2-Twitter-logo.svg_-768x632.png 768w\" sizes=\"auto, (max-width: 1024px) 100vw, 1024px\" \/><\/a><figcaption class=\"wp-element-caption\"><a href=\"https:\/\/twitter.com\/omeryavascay\" data-type=\"URL\" data-id=\"https:\/\/twitter.com\/omeryavascay\" target=\"_blank\" rel=\"noreferrer noopener\">@omeryavascay<\/a><\/figcaption><\/figure><\/div><\/div>\n\n\n\n<div class=\"wp-block-column is-layout-flow wp-block-column-is-layout-flow\"><div class=\"wp-block-image\">\n<figure class=\"aligncenter size-full is-resized\"><a href=\"https:\/\/www.instagram.com\/omerfarukyavascay\/\" target=\"_blank\" rel=\"noreferrer noopener\"><img loading=\"lazy\" decoding=\"async\" width=\"800\" height=\"800\" src=\"http:\/\/omerfarukyavascay.com\/wp-content\/uploads\/2022\/09\/1-Instagram_logo_2022.svg_.png\" alt=\"\" class=\"wp-image-324\" style=\"width:158px;height:158px\" srcset=\"https:\/\/omerfarukyavascay.com\/wp-content\/uploads\/2022\/09\/1-Instagram_logo_2022.svg_.png 800w, https:\/\/omerfarukyavascay.com\/wp-content\/uploads\/2022\/09\/1-Instagram_logo_2022.svg_-300x300.png 300w, https:\/\/omerfarukyavascay.com\/wp-content\/uploads\/2022\/09\/1-Instagram_logo_2022.svg_-150x150.png 150w, https:\/\/omerfarukyavascay.com\/wp-content\/uploads\/2022\/09\/1-Instagram_logo_2022.svg_-768x768.png 768w, https:\/\/omerfarukyavascay.com\/wp-content\/uploads\/2022\/09\/1-Instagram_logo_2022.svg_-75x75.png 75w\" sizes=\"auto, (max-width: 800px) 100vw, 800px\" \/><\/a><figcaption class=\"wp-element-caption\"><a href=\"https:\/\/www.instagram.com\/omerfarukyavascay\/\" data-type=\"URL\" data-id=\"https:\/\/www.instagram.com\/omerfarukyavascay\/\" target=\"_blank\" rel=\"noreferrer noopener\">omerfarukyavascay<\/a><\/figcaption><\/figure><\/div><\/div>\n<\/div>\n\n\n<h2 style=\"text-align: center;\">&nbsp;<\/h2>\n<h2 style=\"text-align: center;\"><strong>\u00d6.F.Y<\/strong><\/h2>\n\n\n<div style=\"height:100px\" aria-hidden=\"true\" class=\"wp-block-spacer\"><\/div>\n","protected":false},"excerpt":{"rendered":"<p>-E\u015fsiz Miras\u0131m\u0131z\u0131n Muhaf\u0131z\u0131- -Ar\u015f. Arkeolog ve Tarihi Eser Koruyucusu- PROGRAMLARIM SPONSORLARIM BU ALANA REKLAM VEREB\u0130L\u0130R YADA SPONSOR OLAB\u0130L\u0130RS\u0130N\u0130Z Ara\u015ft\u0131rmac\u0131 Arkeolog &#8220;Serbest arkeolog olman\u0131n en b\u00fcy\u00fck avantaj\u0131, kendi \u00e7al\u0131\u015fma saatlerimi belirleyebilmek ve istedi\u011fim kadar tarihi eserlerin pe\u015finden ko\u015fabilmek. Bu sayede, pek \u00e7ok tarihi eserin i\u00e7inde bulundu\u011fu s\u0131k\u0131nt\u0131lar\u0131 bizzat yerinde g\u00f6zlemleyip belgeleme f\u0131rsat\u0131 buluyorum. Ara\u015ft\u0131rmac\u0131 ki\u015fili\u011fim sayesinde de bu eserleri incelerken en k\u00fc\u00e7\u00fck ayr\u0131nt\u0131y\u0131 bile ka\u00e7\u0131rmamaya \u00f6zen g\u00f6steriyorum.&#8221; Tarihi Eser Koruyucusu ve Foto\u011fraf\u00e7\u0131s\u0131 &#8220;Tarihi eserlerimizin g\u00f6rsel bir ar\u015fivini olu\u015fturarak, bu eserlerin tarihsel s\u00fcre\u00e7 i\u00e7indeki de\u011fi\u015fimini belgelemeye \u00e7al\u0131\u015f\u0131yorum. Bu \u00e7al\u0131\u015fma sayesinde, gelecek nesil ara\u015ft\u0131rmac\u0131lar i\u00e7in de\u011ferli bir veri taban\u0131 olu\u015fturuyoruz. Ancak, bu s\u00fcre\u00e7te bir\u00e7ok eserin tahrip oldu\u011funu g\u00f6rmek beni \u00fcz\u00fcyor.&#8221; E\u015fsiz Miras\u0131m\u0131z\u0131n Muhaf\u0131z\u0131 &#8220;Ara\u015ft\u0131rmac\u0131 arkeolog, tarihi eser koruyucusu ve foto\u011fraf\u00e7\u0131 kimliklerimle y\u00fcr\u00fctt\u00fc\u011f\u00fcm \u00e7al\u0131\u015fmalar neticesinde, pek \u00e7ok tarihi eserin&nbsp;g\u00fcndeme gelmesini, kay\u0131t alt\u0131na al\u0131nmas\u0131na ve toplumda bu konuda fark\u0131ndal\u0131k yarat\u0131lmas\u0131na katk\u0131da bulundum. Bu \u00f6zel g\u00f6revi ifade etmek \u00fczere &#8216;E\u015fsiz Miras\u0131m\u0131z\u0131n Muhaf\u0131z\u0131&#8217; ad\u0131n\u0131 benimsedim.&#8221; SOSYAL MEDYAM &nbsp; \u00d6.F.Y<\/p>\n","protected":false},"author":1,"featured_media":0,"parent":0,"menu_order":0,"comment_status":"closed","ping_status":"closed","template":"","meta":{"footnotes":""},"class_list":["post-12","page","type-page","status-publish","hentry"],"_links":{"self":[{"href":"https:\/\/omerfarukyavascay.com\/index.php?rest_route=\/wp\/v2\/pages\/12","targetHints":{"allow":["GET"]}}],"collection":[{"href":"https:\/\/omerfarukyavascay.com\/index.php?rest_route=\/wp\/v2\/pages"}],"about":[{"href":"https:\/\/omerfarukyavascay.com\/index.php?rest_route=\/wp\/v2\/types\/page"}],"author":[{"embeddable":true,"href":"https:\/\/omerfarukyavascay.com\/index.php?rest_route=\/wp\/v2\/users\/1"}],"replies":[{"embeddable":true,"href":"https:\/\/omerfarukyavascay.com\/index.php?rest_route=%2Fwp%2Fv2%2Fcomments&post=12"}],"version-history":[{"count":187,"href":"https:\/\/omerfarukyavascay.com\/index.php?rest_route=\/wp\/v2\/pages\/12\/revisions"}],"predecessor-version":[{"id":2318,"href":"https:\/\/omerfarukyavascay.com\/index.php?rest_route=\/wp\/v2\/pages\/12\/revisions\/2318"}],"wp:attachment":[{"href":"https:\/\/omerfarukyavascay.com\/index.php?rest_route=%2Fwp%2Fv2%2Fmedia&parent=12"}],"curies":[{"name":"wp","href":"https:\/\/api.w.org\/{rel}","templated":true}]}}