{"id":15,"date":"2022-09-07T08:21:02","date_gmt":"2022-09-07T08:21:02","guid":{"rendered":"http:\/\/xn--merfarukyavaay-rjb1up0e.com\/hizmetler\/"},"modified":"2025-01-04T13:34:20","modified_gmt":"2025-01-04T10:34:20","slug":"hizmetler","status":"publish","type":"page","link":"https:\/\/omerfarukyavascay.com\/?page_id=15","title":{"rendered":"Hayat Hikayesi"},"content":{"rendered":"\n<h2 class=\"wp-block-heading has-text-align-center\">\u00d6mer Faruk Yava\u015f\u00e7ay Kimdir ?<\/h2>\n\n\n\n<p><a href=\"https:\/\/tr.wikipedia.org\/wiki\/Ara%C5%9Ft%C4%B1rmac%C4%B1\">Ara\u015ft\u0131rmac\u0131<\/a> <a href=\"https:\/\/tr.wikipedia.org\/wiki\/Arkeoloji\">Arkeolog<\/a>, <a href=\"https:\/\/tr.wikipedia.org\/wiki\/Tarihi_Eser_Koruyucusu\">Tarihi Eser Koruyucusu<\/a> ve <a href=\"https:\/\/tr.wikipedia.org\/wiki\/Tarihi_Eser_Foto%C4%9Fraf%C3%A7%C4%B1s%C4%B1\">Tarihi Eser Foto\u011fraf\u00e7\u0131s\u0131<\/a>&#8216;d\u0131r. Tarihi eserlerimizi sevdirmeye, korumaya, kurtarmaya, kay\u0131t alt\u0131na almaya, g\u00fcndeme getirmeye ve toplumsal bilin\u00e7 olu\u015fturmaya y\u00f6nelik \u00e7al\u0131\u015fmalar yapmaktad\u0131r.<\/p>\n\n\n\n<p> Bu \u00e7al\u0131\u015fmalar\u0131n\u0131 &#8216;<a href=\"https:\/\/tr.wikipedia.org\/wiki\/E%C5%9Fsiz_Miras%C4%B1m%C4%B1z%C4%B1n_Muhaf%C4%B1z%C4%B1\">E\u015fsiz Miras\u0131m\u0131z\u0131n Muhaf\u0131z\u0131<\/a>&#8216; ismi alt\u0131nda yapmaktad\u0131r. Ba\u015fta Ayasofya Camii ve \u0130stanbul&#8217;un Orta Nokta&#8217;s\u0131ndaki tahribatlar olmak \u00fczere bir\u00e7ok konunun g\u00fcndeme gelmesini sa\u011flam\u0131\u015ft\u0131r. G\u00fcndeme getirmi\u015f oldu\u011fu konular\u0131n ulusal ve uluslararas\u0131 bas\u0131nda binlerce kez haberi yap\u0131lm\u0131\u015ft\u0131r. Bu haberlere web sitesinden (<a href=\"https:\/\/omerfarukyavascay.com\/\">omerfarukyavascay.com<\/a>) <sup><a>[1]<\/a><\/sup> ve <a href=\"https:\/\/www.google.com\/search?q=%C3%B6mer+faruk+yava%C5%9F%C3%A7ay+haberleri&amp;sca_esv=5a54ede1e073dd21&amp;ei=DNW9Zp-5CIiG7NYPmNmluAY&amp;ved=0ahUKEwif7-Hg4faHAxUIA9sEHZhsCWcQ4dUDCBA&amp;uact=5&amp;oq=%C3%B6mer+faruk+yava%C5%9F%C3%A7ay+haberleri&amp;gs_lp=Egxnd3Mtd2l6LXNlcnAiIMO2bWVyIGZhcnVrIHlhdmHFn8OnYXkgaGFiZXJsZXJpMgUQIRigATIFECEYoAFI7hhQmQZY4A5wAXgAkAEAmAHSAaABgAWqAQUwLjMuMbgBA8gBAPgBAZgCBaACnwXCAgsQABiABBiwAxiiBMICBxAhGKABGAqYAwCIBgGQBgKSBwUxLjMuMaAHlBI&amp;sclient=gws-wiz-serp#ip=1\" data-type=\"URL\" data-id=\"https:\/\/www.google.com\/search?q=%C3%B6mer+faruk+yava%C5%9F%C3%A7ay+haberleri&amp;sca_esv=5a54ede1e073dd21&amp;ei=DNW9Zp-5CIiG7NYPmNmluAY&amp;ved=0ahUKEwif7-Hg4faHAxUIA9sEHZhsCWcQ4dUDCBA&amp;uact=5&amp;oq=%C3%B6mer+faruk+yava%C5%9F%C3%A7ay+haberleri&amp;gs_lp=Egxnd3Mtd2l6LXNlcnAiIMO2bWVyIGZhcnVrIHlhdmHFn8OnYXkgaGFiZXJsZXJpMgUQIRigATIFECEYoAFI7hhQmQZY4A5wAXgAkAEAmAHSAaABgAWqAQUwLjMuMbgBA8gBAPgBAZgCBaACnwXCAgsQABiABBiwAxiiBMICBxAhGKABGAqYAwCIBgGQBgKSBwUxLjMuMaAHlBI&amp;sclient=gws-wiz-serp#ip=1\" target=\"_blank\" rel=\"noreferrer noopener\">Google <\/a>\u00fczerinden ula\u015fabilirsiniz.<\/p>\n\n\n\n<p class=\"has-text-align-center\">Ayasofya Camii\u2019ndeki yap\u0131lan tahribatlar\u0131 ortaya \u00e7\u0131kard\u0131\u011f\u0131, foto\u011fraflad\u0131\u011f\u0131 ve d\u00fcnya g\u00fcndemine getirmi\u015f oldu\u011fundan dolay\u0131 Bo\u011fazi\u00e7i \u00fcniversitesinin doktora \u00f6\u011frencisi Violante Torre\u2019nin \u015fu anda yazmakta oldu\u011fu \u2018Ayasofya ile ili\u015fkili olan insanlar\u2019 doktora tezine konu oldu.<\/p>\n\n\n\n<p class=\"has-text-align-center\">Tarihi eserlerimizi korumaya ve g\u00fcndeme getirmeye y\u00f6nelik \u00e7al\u0131\u015fmalar\u0131ndan dolay\u0131 Ayd\u0131n Adnan Menderes \u00dcniversitesi \u00f6\u011frencisi, gazeteci Do\u011fukan Dere&#8217;nin b\u00f6l\u00fcm bitirme \u00f6devine konu olmu\u015ftur.<\/p>\n\n\n\n<p class=\"has-text-align-center\">D\u00fcnya \u00e7ap\u0131nda g\u00fcndeme gelmesi nedeniyle Birle\u015fik Arap Emirliklerinden gazeteci Rabih Damaj, \u00d6mer Faruk Yava\u015f\u00e7ay&#8217;\u0131n evine gelerek kendisiyle \u00f6zel bir r\u00f6portaj ger\u00e7ekle\u015ftirmi\u015ftir.<\/p>\n\n\n\n<p class=\"has-text-align-center has-times-new-roman-font-family has-custom-font\" style=\"font-family:Times New Roman\">\u00d6mer Faruk Yava\u015f\u00e7ay&#8217;\u0131n g\u00fcndeme getirme \u00e7al\u0131\u015fmalar\u0131 sayesinde tarihi eserlerimiz hem olumlu y\u00f6nde de\u011fi\u015fim ge\u00e7iriyor hem de hangi tarihte ne durumda olduklar\u0131 kay\u0131t alt\u0131na al\u0131n\u0131yor.<\/p>\n\n\n\n<h2 class=\"wp-block-heading has-text-align-center\">\u00d6mer Faruk Yava\u015f\u00e7ay&#8217;\u0131n Ki\u015fisel Ya\u015fam\u0131 ve Hayat\u0131<\/h2>\n\n\n\n<p class=\"has-text-align-center\"><br>\u00d6mer Faruk Yava\u015f\u00e7ay, 16 May\u0131s 1998&#8217;de Erzurum ili \u00c7at il\u00e7esindeki \u00c7at Devlet Hastanesinde d\u00fcnyaya geldi. \u0130lkokulun tamam\u0131n\u0131 (anas\u0131n\u0131f\u0131ndan 8. s\u0131n\u0131fa kadar) \u0130stanbul Vali Cahit Bayar \u0130lk\u00f6\u011fretim Okulunda okudu. Lise birinci s\u0131n\u0131f\u0131 Yalova Fatih Sultan Mehmet Anadolu Lisesinde okurken, daha sonra \u0130stanbul&#8217;a d\u00f6nerek lise son s\u0131n\u0131fa kadar Ba\u011fc\u0131lar Gazi K\u0131z Meslek Lisesinde e\u011fitim g\u00f6rd\u00fc. 2016 y\u0131l\u0131nda girdi\u011fi \u00fcniversite s\u0131nav\u0131n\u0131 kazanarak Mersin \u00dcniversitesi Arkeoloji B\u00f6l\u00fcm\u00fcnde lisans e\u011fitimini tamamlad\u0131 (2020). Ard\u0131ndan, 2020 y\u0131l\u0131nda \u0130stanbul Arel \u00dcniversitesi Turist Rehberli\u011fi B\u00f6l\u00fcm\u00fcn\u00fc kazand\u0131 ve 2022&#8217;de bu b\u00f6l\u00fcmden de mezun oldu.<\/p>\n\n\n\n<p class=\"has-text-align-center\">24 Nisan 2022 tarihinde Ayasofya Camii&#8217;ndeki \u00e7ekmi\u015f oldu\u011fu su haznesi foto\u011fraf\u0131, onun i\u00e7in d\u00f6n\u00fcm noktas\u0131 olmu\u015ftur. Bir g\u00fcn G\u00fclhane Park\u0131&#8217;nda vakit ge\u00e7irdikten sonra Ayasofya Camii&#8217;ni ziyaret etmi\u015fti. O s\u0131rada g\u00f6z\u00fcne bir ayr\u0131nt\u0131 \u00e7arpm\u0131\u015ft\u0131: \u0130nsanlar tarihi su haznesinin kapa\u011f\u0131n\u0131 k\u0131l\u0131p i\u00e7ine ayakkab\u0131lar\u0131n\u0131 koymu\u015flard\u0131. Bu durum kendisini \u00e7ok rahats\u0131z etmi\u015fti. Hemen foto\u011fraf\u0131n\u0131 \u00e7ekip Twitter&#8217;dan duruma isyan etmi\u015f, ancak herhangi bir \u015fey olmam\u0131\u015ft\u0131. Ta ki 9 May\u0131s&#8217;a kadar; o g\u00fcn uyand\u0131\u011f\u0131nda onlarca yerli ve yabanc\u0131 bas\u0131n, \u00e7ekti\u011fi foto\u011fraf\u0131 kullanarak onun mesle\u011fini ve ismini zikrederek haber yapm\u0131\u015ft\u0131. Hayat\u0131 o g\u00fcnden sonra tamamen de\u011fi\u015fmi\u015fti. O art\u0131k tarihi eserlerin koruyucusu olmu\u015ftu.<\/p>\n\n\n\n<p class=\"has-text-align-center\">&#8220;E\u015fsiz Miras\u0131m\u0131z\u0131n Muhaf\u0131zl\u0131\u011f\u0131&#8221; ismini verdi\u011fi hareket ile bak\u0131ms\u0131z durumda olan tarihi eserleri g\u00fcndeme getirmeye ve insanlar\u0131n tarihi eserlere kar\u015f\u0131 daha dikkatli olmas\u0131 i\u00e7in toplumsal bir fark\u0131ndal\u0131k olu\u015fturmak i\u00e7in \u00e7al\u0131\u015fmalar yapmaktad\u0131r.<\/p>\n\n\n\n<p class=\"has-text-align-center\">Bug\u00fcne kadar ba\u015fta Ayasofya Camii ve \u0130stanbul\u2019un Orta Noktas\u0131 olmak \u00fczere bir\u00e7ok k\u00f6t\u00fc durumda olan tarihi eseri g\u00fcndeme getirmi\u015ftir. G\u00fcndeme getirmi\u015f oldu\u011fu konular\u0131n ulusal ve uluslararas\u0131 bas\u0131nda binlerce haberini [1] web sitesinden bulabilirsiniz. Ayasofya Camii\u2019ndeki \u00e7o\u011fu tahribat\u0131 tespit etmesinden dolay\u0131, Lozan ve Bo\u011fazi\u00e7i \u00dcniversitesi Tarih B\u00f6l\u00fcm\u00fc doktora \u00f6\u011frencisi Violante Torre\u2019nin &#8220;Ayasofya ile \u0130li\u015fkili Olan \u0130nsanlar&#8221; adl\u0131 doktora tezine konu olan ki\u015filerden biridir.<\/p>\n\n\n\n<h2 class=\"wp-block-heading has-text-align-center\">E\u015fsiz Miras\u0131m\u0131z\u0131n Muhaf\u0131zl\u0131\u011f\u0131<\/h2>\n\n\n\n<p class=\"has-text-align-center\">Ara\u015ft\u0131rmac\u0131 Arkeolog, Tarihi Eser Koruyucu ve Foto\u011fraf\u00e7\u0131 \u00d6mer Faruk Yava\u015f\u00e7ay taraf\u0131ndan rit\u00fcellere ge\u00e7irilmi\u015f bir meslektir. Kendisi bu mesle\u011fin ilk temsilcisidir. Mesle\u011fin ad\u0131 &#8220;E\u015fsiz Miras\u0131n Muhaf\u0131zl\u0131\u011f\u0131&#8221;d\u0131r. Mesle\u011fi yapan ki\u015filere ise &#8220;E\u015fsiz Miras\u0131m\u0131z\u0131n Muhaf\u0131z\u0131&#8221; denir. Bu mesle\u011fin as\u0131l amac\u0131; tarihi eserlerin korunmas\u0131, kay\u0131t alt\u0131na al\u0131nmas\u0131, g\u00fcndeme getirilmesi, tarihi eserlere dikkat \u00e7ekme ve toplumsal bir bilin\u00e7 olu\u015fturmakt\u0131r.<\/p>\n\n\n\n<p class=\"has-text-align-center\">E\u015fsiz Miras\u0131m\u0131z\u0131n Muhaf\u0131zl\u0131\u011f\u0131 mesle\u011fini yapan ki\u015finin belirli bir \u00e7al\u0131\u015fma \u015fekli olmas\u0131 gerekir.<\/p>\n\n\n\n<p class=\"has-text-align-center\">\u0130lk ba\u0219ta tarihi eserler hakk\u0131nda ara\u015ft\u0131rmalar yapmal\u0131, eserlerin t\u00fcm y\u00f6nlerini detayli olarak incelemelidir. <\/p>\n\n\n\n<p class=\"has-text-align-center\">\u0130kinci olarak, eserlerin bulundu\u011fu konuma gidip ne durumda olduklar\u0131n\u0131n foto\u011fraflar\u0131n\u0131 \u00e7ekmelidir. <\/p>\n\n\n\n<p class=\"has-text-align-center\">\u00dc\u00e7\u00fcnc\u00fc olarak, eve veya ofise gelip, eserleri hangi g\u00fcnde \u00e7ektiyse bilgisayar basinda dosyalama \u00e7al\u0131\u015fmas\u0131 yapmal\u0131, b\u00f6ylelikle eserleri kay\u0131t alt\u0131na alm\u0131\u015f olacakt\u0131r. <\/p>\n\n\n\n<p class=\"has-text-align-center\">D\u00f6rd\u00fcnc\u00fc olarak, bakimsiz durumda olan eserler i\u00e7in g\u00fcndeme gelmesi i\u00e7in Sosyal medyaya yaz\u0131lar haz\u0131rlamal\u0131, <\/p>\n\n\n\n<p class=\"has-text-align-center\">Be\u015finci olarak haz\u0131rlad\u0131\u011f\u0131 yaz\u0131lar ile birlikte Sosyal medya hesaplar\u0131n dan eserlerin ne durumda oldu\u011funu payla\u015fmal\u0131, <\/p>\n\n\n\n<p class=\"has-text-align-center\">Alt\u0131nc\u0131 olarak ise bak\u0131ms\u0131z durumdaki eserler ile ilgili gazeteciler ileti\u015fime ge\u00e7meli, <\/p>\n\n\n\n<p class=\"has-text-align-center\">Yedinci olarak gazetecilere konunun \u00f6nemini anlatmal\u0131 <\/p>\n\n\n\n<p class=\"has-text-align-center\">Sekizinci olarak, bak\u0131ms\u0131z durumdaki eserimizin gazete, internet ve TV haberlerinde yer almas\u0131n\u0131 saglamak i\u00e7in \u00e7aba g\u00f6stermeli, b\u00f6ylelikle t\u00fcm vatanda\u015flar\u0131miza eserimizin ne durumda oldu\u011funu g\u00f6stermis olaca\u011f\u0131z. Bu sayede toplumsal bir bilin\u00e7 olu\u015facakt\u0131r.<\/p>\n\n\n\n<p class=\"has-text-align-center\">Dokuzuncu olarak, bu sekiz maddedeki \u00e7al\u0131\u015fmalar\u0131 toparlayip web sitesine y\u00fcklemeli. B\u00f6ylelikle vatanda\u015flar\u0131m\u0131z ve t\u00fcm insanl\u0131k, yapt\u0131\u011f\u0131m\u0131z \u00e7al\u0131\u015fmalara web sitesi \u00fczerinden her zaman ula\u015fmalar\u0131n\u0131 sa\u011flam\u0131\u015f olaca\u011f\u0131z. T\u00fcm bu \u00e7al\u0131\u015fmalar sayesinde hem eserlerimizin ne halde oldu\u011fu g\u00f6zler \u00f6n\u00fcne serilecek, hem de restorasyon \u00e7al\u0131\u015fmalar\u0131n\u0131n ba\u015flamas\u0131n\u0131n \u00f6n\u00fc a\u00e7\u0131lacak ve toplumsal bir bilin\u00e7 olu\u015facak.<\/p>\n\n\n\n<p class=\"has-text-align-center\"><br>Mesle\u011fin \u00f6nc\u00fcs\u00fc olan \u00d6mer Faruk Yava\u015f\u00e7ay, Essiz Miras\u0131mizin Muhaf\u0131zl\u0131\u011f\u0131 alt\u0131nda bir\u00e7ok konuyu g\u00fcndeme getirmi\u015ftir. G\u00fcndeme getirmi\u015f oldu\u011fu konular\u0131n ulusal ve uluslararas\u0131 bas\u0131nda binlerce kez haberi yap\u0131lm\u0131\u015ft\u0131r. Bu haberlerin t\u00fcm\u00fcne web sitesi ve Google \u00fczerinden ula\u015fabilirsiniz. E\u015fsiz Miras\u0131m\u0131z\u0131n Muhaf\u0131zl\u0131\u011f\u0131 mesle\u011fini, ba\u015fta arkeologlar, sanat tarih\u00e7ileri, mimarlar, gazeteciler olmak \u00fczere; tarihi eserleri seven, koruyan, de\u011fer veren herkes yapabilir&#8230;<\/p>\n\n\n\n<p class=\"has-text-align-center\">Her\u015fey E\u015fsiz Miras\u0131m\u0131z Korunmas\u0131 i\u00e7in&#8230;.<\/p>\n\n\n\n<p class=\"has-text-align-center\">\u00d6MER FARUK YAVA\u015e\u00c7AY<\/p>\n\n\n\n<p><\/p>\n","protected":false},"excerpt":{"rendered":"<p>\u00d6mer Faruk Yava\u015f\u00e7ay Kimdir ? Ara\u015ft\u0131rmac\u0131 Arkeolog, Tarihi Eser Koruyucusu ve Tarihi Eser Foto\u011fraf\u00e7\u0131s\u0131&#8216;d\u0131r. Tarihi eserlerimizi sevdirmeye, korumaya, kurtarmaya, kay\u0131t alt\u0131na almaya, g\u00fcndeme getirmeye ve toplumsal bilin\u00e7 olu\u015fturmaya y\u00f6nelik \u00e7al\u0131\u015fmalar yapmaktad\u0131r. Bu \u00e7al\u0131\u015fmalar\u0131n\u0131 &#8216;E\u015fsiz Miras\u0131m\u0131z\u0131n Muhaf\u0131z\u0131&#8216; ismi alt\u0131nda yapmaktad\u0131r. Ba\u015fta Ayasofya Camii ve \u0130stanbul&#8217;un Orta Nokta&#8217;s\u0131ndaki tahribatlar olmak \u00fczere bir\u00e7ok konunun g\u00fcndeme gelmesini sa\u011flam\u0131\u015ft\u0131r. G\u00fcndeme getirmi\u015f oldu\u011fu konular\u0131n ulusal ve uluslararas\u0131 bas\u0131nda binlerce kez haberi yap\u0131lm\u0131\u015ft\u0131r. Bu haberlere web sitesinden (omerfarukyavascay.com) [1] ve Google \u00fczerinden ula\u015fabilirsiniz. Ayasofya Camii\u2019ndeki yap\u0131lan tahribatlar\u0131 ortaya \u00e7\u0131kard\u0131\u011f\u0131, foto\u011fraflad\u0131\u011f\u0131 ve d\u00fcnya g\u00fcndemine getirmi\u015f oldu\u011fundan dolay\u0131 Bo\u011fazi\u00e7i \u00fcniversitesinin doktora \u00f6\u011frencisi Violante Torre\u2019nin \u015fu anda yazmakta oldu\u011fu \u2018Ayasofya ile ili\u015fkili olan insanlar\u2019 doktora tezine konu oldu. Tarihi eserlerimizi korumaya ve g\u00fcndeme getirmeye y\u00f6nelik \u00e7al\u0131\u015fmalar\u0131ndan dolay\u0131 Ayd\u0131n Adnan Menderes \u00dcniversitesi \u00f6\u011frencisi, gazeteci Do\u011fukan Dere&#8217;nin b\u00f6l\u00fcm bitirme \u00f6devine konu olmu\u015ftur. D\u00fcnya \u00e7ap\u0131nda g\u00fcndeme gelmesi nedeniyle Birle\u015fik Arap Emirliklerinden gazeteci Rabih Damaj, \u00d6mer Faruk Yava\u015f\u00e7ay&#8217;\u0131n evine gelerek kendisiyle \u00f6zel bir r\u00f6portaj ger\u00e7ekle\u015ftirmi\u015ftir. \u00d6mer Faruk Yava\u015f\u00e7ay&#8217;\u0131n g\u00fcndeme getirme \u00e7al\u0131\u015fmalar\u0131 sayesinde tarihi eserlerimiz hem olumlu y\u00f6nde de\u011fi\u015fim ge\u00e7iriyor hem de hangi tarihte ne durumda olduklar\u0131 kay\u0131t alt\u0131na al\u0131n\u0131yor. \u00d6mer Faruk Yava\u015f\u00e7ay&#8217;\u0131n Ki\u015fisel Ya\u015fam\u0131 ve Hayat\u0131 \u00d6mer Faruk Yava\u015f\u00e7ay, 16 May\u0131s 1998&#8217;de Erzurum ili \u00c7at il\u00e7esindeki \u00c7at Devlet Hastanesinde d\u00fcnyaya geldi. \u0130lkokulun tamam\u0131n\u0131 (anas\u0131n\u0131f\u0131ndan 8. s\u0131n\u0131fa kadar) \u0130stanbul Vali Cahit Bayar \u0130lk\u00f6\u011fretim Okulunda okudu. Lise birinci s\u0131n\u0131f\u0131 Yalova Fatih Sultan Mehmet Anadolu Lisesinde okurken, daha sonra \u0130stanbul&#8217;a d\u00f6nerek lise son s\u0131n\u0131fa kadar Ba\u011fc\u0131lar Gazi K\u0131z Meslek Lisesinde e\u011fitim g\u00f6rd\u00fc. 2016 y\u0131l\u0131nda girdi\u011fi \u00fcniversite s\u0131nav\u0131n\u0131 kazanarak Mersin \u00dcniversitesi Arkeoloji B\u00f6l\u00fcm\u00fcnde lisans e\u011fitimini tamamlad\u0131 (2020). Ard\u0131ndan, 2020 y\u0131l\u0131nda \u0130stanbul Arel \u00dcniversitesi Turist Rehberli\u011fi B\u00f6l\u00fcm\u00fcn\u00fc kazand\u0131 ve 2022&#8217;de bu b\u00f6l\u00fcmden de mezun oldu. 24 Nisan 2022 tarihinde Ayasofya Camii&#8217;ndeki \u00e7ekmi\u015f oldu\u011fu su haznesi foto\u011fraf\u0131, onun i\u00e7in d\u00f6n\u00fcm noktas\u0131 olmu\u015ftur. Bir g\u00fcn G\u00fclhane Park\u0131&#8217;nda vakit ge\u00e7irdikten sonra Ayasofya Camii&#8217;ni ziyaret etmi\u015fti. O s\u0131rada g\u00f6z\u00fcne bir ayr\u0131nt\u0131 \u00e7arpm\u0131\u015ft\u0131: \u0130nsanlar tarihi su haznesinin kapa\u011f\u0131n\u0131 k\u0131l\u0131p i\u00e7ine ayakkab\u0131lar\u0131n\u0131 koymu\u015flard\u0131. Bu durum kendisini \u00e7ok rahats\u0131z etmi\u015fti. Hemen foto\u011fraf\u0131n\u0131 \u00e7ekip Twitter&#8217;dan duruma isyan etmi\u015f, ancak herhangi bir \u015fey olmam\u0131\u015ft\u0131. Ta ki 9 May\u0131s&#8217;a kadar; o g\u00fcn uyand\u0131\u011f\u0131nda onlarca yerli ve yabanc\u0131 bas\u0131n, \u00e7ekti\u011fi foto\u011fraf\u0131 kullanarak onun mesle\u011fini ve ismini zikrederek haber yapm\u0131\u015ft\u0131. Hayat\u0131 o g\u00fcnden sonra tamamen de\u011fi\u015fmi\u015fti. O art\u0131k tarihi eserlerin koruyucusu olmu\u015ftu. &#8220;E\u015fsiz Miras\u0131m\u0131z\u0131n Muhaf\u0131zl\u0131\u011f\u0131&#8221; ismini verdi\u011fi hareket ile bak\u0131ms\u0131z durumda olan tarihi eserleri g\u00fcndeme getirmeye ve insanlar\u0131n tarihi eserlere kar\u015f\u0131 daha dikkatli olmas\u0131 i\u00e7in toplumsal bir fark\u0131ndal\u0131k olu\u015fturmak i\u00e7in \u00e7al\u0131\u015fmalar yapmaktad\u0131r. Bug\u00fcne kadar ba\u015fta Ayasofya Camii ve \u0130stanbul\u2019un Orta Noktas\u0131 olmak \u00fczere bir\u00e7ok k\u00f6t\u00fc durumda olan tarihi eseri g\u00fcndeme getirmi\u015ftir. G\u00fcndeme getirmi\u015f oldu\u011fu konular\u0131n ulusal ve uluslararas\u0131 bas\u0131nda binlerce haberini [1] web sitesinden bulabilirsiniz. Ayasofya Camii\u2019ndeki \u00e7o\u011fu tahribat\u0131 tespit etmesinden dolay\u0131, Lozan ve Bo\u011fazi\u00e7i \u00dcniversitesi Tarih B\u00f6l\u00fcm\u00fc doktora \u00f6\u011frencisi Violante Torre\u2019nin &#8220;Ayasofya ile \u0130li\u015fkili Olan \u0130nsanlar&#8221; adl\u0131 doktora tezine konu olan ki\u015filerden biridir. E\u015fsiz Miras\u0131m\u0131z\u0131n Muhaf\u0131zl\u0131\u011f\u0131 Ara\u015ft\u0131rmac\u0131 Arkeolog, Tarihi Eser Koruyucu ve Foto\u011fraf\u00e7\u0131 \u00d6mer Faruk Yava\u015f\u00e7ay taraf\u0131ndan rit\u00fcellere ge\u00e7irilmi\u015f bir meslektir. Kendisi bu mesle\u011fin ilk temsilcisidir. Mesle\u011fin ad\u0131 &#8220;E\u015fsiz Miras\u0131n Muhaf\u0131zl\u0131\u011f\u0131&#8221;d\u0131r. Mesle\u011fi yapan ki\u015filere ise &#8220;E\u015fsiz Miras\u0131m\u0131z\u0131n Muhaf\u0131z\u0131&#8221; denir. Bu mesle\u011fin as\u0131l amac\u0131; tarihi eserlerin korunmas\u0131, kay\u0131t alt\u0131na al\u0131nmas\u0131, g\u00fcndeme getirilmesi, tarihi eserlere dikkat \u00e7ekme ve toplumsal bir bilin\u00e7 olu\u015fturmakt\u0131r. E\u015fsiz Miras\u0131m\u0131z\u0131n Muhaf\u0131zl\u0131\u011f\u0131 mesle\u011fini yapan ki\u015finin belirli bir \u00e7al\u0131\u015fma \u015fekli olmas\u0131 gerekir. \u0130lk ba\u0219ta tarihi eserler hakk\u0131nda ara\u015ft\u0131rmalar yapmal\u0131, eserlerin t\u00fcm y\u00f6nlerini detayli olarak incelemelidir. \u0130kinci olarak, eserlerin bulundu\u011fu konuma gidip ne durumda olduklar\u0131n\u0131n foto\u011fraflar\u0131n\u0131 \u00e7ekmelidir. \u00dc\u00e7\u00fcnc\u00fc olarak, eve veya ofise gelip, eserleri hangi g\u00fcnde \u00e7ektiyse bilgisayar basinda dosyalama \u00e7al\u0131\u015fmas\u0131 yapmal\u0131, b\u00f6ylelikle eserleri kay\u0131t alt\u0131na alm\u0131\u015f olacakt\u0131r. D\u00f6rd\u00fcnc\u00fc olarak, bakimsiz durumda olan eserler i\u00e7in g\u00fcndeme gelmesi i\u00e7in Sosyal medyaya yaz\u0131lar haz\u0131rlamal\u0131, Be\u015finci olarak haz\u0131rlad\u0131\u011f\u0131 yaz\u0131lar ile birlikte Sosyal medya hesaplar\u0131n dan eserlerin ne durumda oldu\u011funu payla\u015fmal\u0131, Alt\u0131nc\u0131 olarak ise bak\u0131ms\u0131z durumdaki eserler ile ilgili gazeteciler ileti\u015fime ge\u00e7meli, Yedinci olarak gazetecilere konunun \u00f6nemini anlatmal\u0131 Sekizinci olarak, bak\u0131ms\u0131z durumdaki eserimizin gazete, internet ve TV haberlerinde yer almas\u0131n\u0131 saglamak i\u00e7in \u00e7aba g\u00f6stermeli, b\u00f6ylelikle t\u00fcm vatanda\u015flar\u0131miza eserimizin ne durumda oldu\u011funu g\u00f6stermis olaca\u011f\u0131z. Bu sayede toplumsal bir bilin\u00e7 olu\u015facakt\u0131r. Dokuzuncu olarak, bu sekiz maddedeki \u00e7al\u0131\u015fmalar\u0131 toparlayip web sitesine y\u00fcklemeli. B\u00f6ylelikle vatanda\u015flar\u0131m\u0131z ve t\u00fcm insanl\u0131k, yapt\u0131\u011f\u0131m\u0131z \u00e7al\u0131\u015fmalara web sitesi \u00fczerinden her zaman ula\u015fmalar\u0131n\u0131 sa\u011flam\u0131\u015f olaca\u011f\u0131z. T\u00fcm bu \u00e7al\u0131\u015fmalar sayesinde hem eserlerimizin ne halde oldu\u011fu g\u00f6zler \u00f6n\u00fcne serilecek, hem de restorasyon \u00e7al\u0131\u015fmalar\u0131n\u0131n ba\u015flamas\u0131n\u0131n \u00f6n\u00fc a\u00e7\u0131lacak ve toplumsal bir bilin\u00e7 olu\u015facak. Mesle\u011fin \u00f6nc\u00fcs\u00fc olan \u00d6mer Faruk Yava\u015f\u00e7ay, Essiz Miras\u0131mizin Muhaf\u0131zl\u0131\u011f\u0131 alt\u0131nda bir\u00e7ok konuyu g\u00fcndeme getirmi\u015ftir. G\u00fcndeme getirmi\u015f oldu\u011fu konular\u0131n ulusal ve uluslararas\u0131 bas\u0131nda binlerce kez haberi yap\u0131lm\u0131\u015ft\u0131r. Bu haberlerin t\u00fcm\u00fcne web sitesi ve Google \u00fczerinden ula\u015fabilirsiniz. E\u015fsiz Miras\u0131m\u0131z\u0131n Muhaf\u0131zl\u0131\u011f\u0131 mesle\u011fini, ba\u015fta arkeologlar, sanat tarih\u00e7ileri, mimarlar, gazeteciler olmak \u00fczere; tarihi eserleri seven, koruyan, de\u011fer veren herkes yapabilir&#8230; Her\u015fey E\u015fsiz Miras\u0131m\u0131z Korunmas\u0131 i\u00e7in&#8230;. \u00d6MER FARUK YAVA\u015e\u00c7AY<\/p>\n","protected":false},"author":1,"featured_media":0,"parent":0,"menu_order":0,"comment_status":"closed","ping_status":"closed","template":"","meta":{"footnotes":""},"class_list":["post-15","page","type-page","status-publish","hentry"],"_links":{"self":[{"href":"https:\/\/omerfarukyavascay.com\/index.php?rest_route=\/wp\/v2\/pages\/15","targetHints":{"allow":["GET"]}}],"collection":[{"href":"https:\/\/omerfarukyavascay.com\/index.php?rest_route=\/wp\/v2\/pages"}],"about":[{"href":"https:\/\/omerfarukyavascay.com\/index.php?rest_route=\/wp\/v2\/types\/page"}],"author":[{"embeddable":true,"href":"https:\/\/omerfarukyavascay.com\/index.php?rest_route=\/wp\/v2\/users\/1"}],"replies":[{"embeddable":true,"href":"https:\/\/omerfarukyavascay.com\/index.php?rest_route=%2Fwp%2Fv2%2Fcomments&post=15"}],"version-history":[{"count":43,"href":"https:\/\/omerfarukyavascay.com\/index.php?rest_route=\/wp\/v2\/pages\/15\/revisions"}],"predecessor-version":[{"id":2185,"href":"https:\/\/omerfarukyavascay.com\/index.php?rest_route=\/wp\/v2\/pages\/15\/revisions\/2185"}],"wp:attachment":[{"href":"https:\/\/omerfarukyavascay.com\/index.php?rest_route=%2Fwp%2Fv2%2Fmedia&parent=15"}],"curies":[{"name":"wp","href":"https:\/\/api.w.org\/{rel}","templated":true}]}}