{"id":1655,"date":"2024-05-25T23:14:47","date_gmt":"2024-05-25T20:14:47","guid":{"rendered":"https:\/\/omerfarukyavascay.com\/?page_id=1655"},"modified":"2025-12-04T20:14:33","modified_gmt":"2025-12-04T17:14:33","slug":"oyunculuk","status":"publish","type":"page","link":"https:\/\/omerfarukyavascay.com\/?page_id=1655","title":{"rendered":"OYUNCULUK"},"content":{"rendered":"\n<div class=\"wp-block-columns is-layout-flex wp-container-core-columns-is-layout-1 wp-block-columns-is-layout-flex\">\n<div class=\"wp-block-column is-layout-flow wp-block-column-is-layout-flow\">\n<h2 class=\"wp-block-heading has-text-align-center has-arial-font-family has-custom-font\" style=\"font-family:Arial\"><a href=\"https:\/\/omerfarukyavascay.com\/?page_id=2212\" target=\"_blank\" rel=\"noreferrer noopener\">E\u011e\u0130T\u0130M<\/a><\/h2>\n<\/div>\n\n\n\n<div class=\"wp-block-column is-layout-flow wp-block-column-is-layout-flow\">\n<h2 class=\"wp-block-heading has-text-align-center has-arial-font-family has-custom-font\" style=\"font-family:Arial\"><a href=\"https:\/\/omerfarukyavascay.com\/?page_id=1662\" target=\"_blank\" rel=\"noreferrer noopener\">D\u0130Z\u0130LER<\/a><\/h2>\n<\/div>\n\n\n\n<div class=\"wp-block-column is-layout-flow wp-block-column-is-layout-flow\"><\/div>\n<\/div>\n\n\n\n<div class=\"wp-block-columns is-layout-flex wp-container-core-columns-is-layout-2 wp-block-columns-is-layout-flex\">\n<div class=\"wp-block-column is-layout-flow wp-block-column-is-layout-flow\"><div class=\"wp-block-image has-lightbox\">\n<figure class=\"aligncenter size-full is-resized\"><a href=\"https:\/\/omerfarukyavascay.com\/?page_id=2212\" target=\"_blank\" rel=\" noreferrer noopener\"><img loading=\"lazy\" decoding=\"async\" width=\"1024\" height=\"768\" src=\"https:\/\/omerfarukyavascay.com\/wp-content\/uploads\/2025\/02\/image.jpg\" alt=\"\" class=\"wp-image-2219\" style=\"width:229px;height:auto\" srcset=\"https:\/\/omerfarukyavascay.com\/wp-content\/uploads\/2025\/02\/image.jpg 1024w, https:\/\/omerfarukyavascay.com\/wp-content\/uploads\/2025\/02\/image-300x225.jpg 300w, https:\/\/omerfarukyavascay.com\/wp-content\/uploads\/2025\/02\/image-768x576.jpg 768w\" sizes=\"auto, (max-width: 1024px) 100vw, 1024px\" \/><\/a><\/figure><\/div><\/div>\n\n\n\n<div class=\"wp-block-column is-layout-flow wp-block-column-is-layout-flow\"><div class=\"wp-block-image\">\n<figure class=\"aligncenter size-large is-resized\"><a href=\"https:\/\/omerfarukyavascay.com\/?page_id=1662\" target=\"_blank\" rel=\"noreferrer noopener\"><img loading=\"lazy\" decoding=\"async\" width=\"1024\" height=\"1024\" src=\"http:\/\/omerfarukyavascay.com\/wp-content\/uploads\/2024\/05\/s-ca348a8b6951441aad7814172033253a5c67ecf8-1024x1024.webp\" alt=\"\" class=\"wp-image-1656\" style=\"width:200px;height:auto\" srcset=\"https:\/\/omerfarukyavascay.com\/wp-content\/uploads\/2024\/05\/s-ca348a8b6951441aad7814172033253a5c67ecf8-1024x1024.webp 1024w, https:\/\/omerfarukyavascay.com\/wp-content\/uploads\/2024\/05\/s-ca348a8b6951441aad7814172033253a5c67ecf8-300x300.webp 300w, https:\/\/omerfarukyavascay.com\/wp-content\/uploads\/2024\/05\/s-ca348a8b6951441aad7814172033253a5c67ecf8-150x150.webp 150w, https:\/\/omerfarukyavascay.com\/wp-content\/uploads\/2024\/05\/s-ca348a8b6951441aad7814172033253a5c67ecf8-768x768.webp 768w, https:\/\/omerfarukyavascay.com\/wp-content\/uploads\/2024\/05\/s-ca348a8b6951441aad7814172033253a5c67ecf8-1140x1140.webp 1140w, https:\/\/omerfarukyavascay.com\/wp-content\/uploads\/2024\/05\/s-ca348a8b6951441aad7814172033253a5c67ecf8-75x75.webp 75w, https:\/\/omerfarukyavascay.com\/wp-content\/uploads\/2024\/05\/s-ca348a8b6951441aad7814172033253a5c67ecf8.webp 1200w\" sizes=\"auto, (max-width: 1024px) 100vw, 1024px\" \/><\/a><\/figure><\/div><\/div>\n\n\n\n<div class=\"wp-block-column is-layout-flow wp-block-column-is-layout-flow\"><\/div>\n<\/div>\n","protected":false},"excerpt":{"rendered":"<p>E\u011e\u0130T\u0130M D\u0130Z\u0130LER<\/p>\n","protected":false},"author":1,"featured_media":0,"parent":0,"menu_order":0,"comment_status":"closed","ping_status":"closed","template":"","meta":{"footnotes":""},"class_list":["post-1655","page","type-page","status-publish","hentry"],"_links":{"self":[{"href":"https:\/\/omerfarukyavascay.com\/index.php?rest_route=\/wp\/v2\/pages\/1655","targetHints":{"allow":["GET"]}}],"collection":[{"href":"https:\/\/omerfarukyavascay.com\/index.php?rest_route=\/wp\/v2\/pages"}],"about":[{"href":"https:\/\/omerfarukyavascay.com\/index.php?rest_route=\/wp\/v2\/types\/page"}],"author":[{"embeddable":true,"href":"https:\/\/omerfarukyavascay.com\/index.php?rest_route=\/wp\/v2\/users\/1"}],"replies":[{"embeddable":true,"href":"https:\/\/omerfarukyavascay.com\/index.php?rest_route=%2Fwp%2Fv2%2Fcomments&post=1655"}],"version-history":[{"count":17,"href":"https:\/\/omerfarukyavascay.com\/index.php?rest_route=\/wp\/v2\/pages\/1655\/revisions"}],"predecessor-version":[{"id":2338,"href":"https:\/\/omerfarukyavascay.com\/index.php?rest_route=\/wp\/v2\/pages\/1655\/revisions\/2338"}],"wp:attachment":[{"href":"https:\/\/omerfarukyavascay.com\/index.php?rest_route=%2Fwp%2Fv2%2Fmedia&parent=1655"}],"curies":[{"name":"wp","href":"https:\/\/api.w.org\/{rel}","templated":true}]}}