{"id":2065,"date":"2024-12-10T00:16:56","date_gmt":"2024-12-09T21:16:56","guid":{"rendered":"https:\/\/omerfarukyavascay.com\/?page_id=2065"},"modified":"2024-12-10T00:26:58","modified_gmt":"2024-12-09T21:26:58","slug":"gazete-haberlerim-2","status":"publish","type":"page","link":"https:\/\/omerfarukyavascay.com\/?page_id=2065","title":{"rendered":"GAZETE HABERLER\u0130M"},"content":{"rendered":"\n<h2 class=\"wp-block-heading has-text-align-center has-vivid-red-color has-text-color has-link-color has-times-new-roman-font-family has-custom-font wp-elements-89b20ccb26433d46409049f6f6502182\" style=\"font-size:150px;font-family:Times New Roman\">2023<\/h2>\n\n\n\n<div class=\"wp-block-columns is-layout-flex wp-container-core-columns-is-layout-1 wp-block-columns-is-layout-flex\">\n<div class=\"wp-block-column is-layout-flow wp-block-column-is-layout-flow\">\n<h2 class=\"wp-block-heading has-text-align-center\">1<\/h2>\n<\/div>\n\n\n\n<div class=\"wp-block-column is-layout-flow wp-block-column-is-layout-flow\">\n<h2 class=\"wp-block-heading has-text-align-center\">2<\/h2>\n<\/div>\n\n\n\n<div class=\"wp-block-column is-layout-flow wp-block-column-is-layout-flow\">\n<h2 class=\"wp-block-heading has-text-align-center\">3<\/h2>\n<\/div>\n<\/div>\n\n\n\n<div class=\"wp-block-columns is-layout-flex wp-container-core-columns-is-layout-2 wp-block-columns-is-layout-flex\">\n<div class=\"wp-block-column is-layout-flow wp-block-column-is-layout-flow\">\n<figure class=\"wp-block-image size-large is-style-default\"><a href=\"https:\/\/omerfarukyavascay.com\/wp-content\/uploads\/2024\/12\/20230623_001037-1-scaled-1.jpg\" target=\"_blank\" rel=\" noreferrer noopener\"><img loading=\"lazy\" decoding=\"async\" width=\"718\" height=\"1024\" src=\"https:\/\/omerfarukyavascay.com\/wp-content\/uploads\/2024\/12\/20230623_001037-1-scaled-1-718x1024.jpg\" alt=\"\" class=\"wp-image-2066\" srcset=\"https:\/\/omerfarukyavascay.com\/wp-content\/uploads\/2024\/12\/20230623_001037-1-scaled-1-718x1024.jpg 718w, https:\/\/omerfarukyavascay.com\/wp-content\/uploads\/2024\/12\/20230623_001037-1-scaled-1-210x300.jpg 210w, https:\/\/omerfarukyavascay.com\/wp-content\/uploads\/2024\/12\/20230623_001037-1-scaled-1-768x1096.jpg 768w, https:\/\/omerfarukyavascay.com\/wp-content\/uploads\/2024\/12\/20230623_001037-1-scaled-1-1076x1536.jpg 1076w, https:\/\/omerfarukyavascay.com\/wp-content\/uploads\/2024\/12\/20230623_001037-1-scaled-1-1435x2048.jpg 1435w, https:\/\/omerfarukyavascay.com\/wp-content\/uploads\/2024\/12\/20230623_001037-1-scaled-1-1140x1627.jpg 1140w, https:\/\/omerfarukyavascay.com\/wp-content\/uploads\/2024\/12\/20230623_001037-1-scaled-1.jpg 1794w\" sizes=\"auto, (max-width: 718px) 100vw, 718px\" \/><\/a><\/figure>\n\n\n\n<p class=\"has-text-align-center\">12.01.2023 (Birg\u00fcn Gazetesi)<\/p>\n<\/div>\n\n\n\n<div class=\"wp-block-column is-layout-flow wp-block-column-is-layout-flow\">\n<figure class=\"wp-block-image size-large\"><a href=\"https:\/\/omerfarukyavascay.com\/wp-content\/uploads\/2024\/12\/20230623_001037-1-scaled-2.jpg\" target=\"_blank\" rel=\" noreferrer noopener\"><img loading=\"lazy\" decoding=\"async\" width=\"604\" height=\"1024\" src=\"https:\/\/omerfarukyavascay.com\/wp-content\/uploads\/2024\/12\/20230623_001037-1-scaled-2-604x1024.jpg\" alt=\"\" class=\"wp-image-2073\" srcset=\"https:\/\/omerfarukyavascay.com\/wp-content\/uploads\/2024\/12\/20230623_001037-1-scaled-2-604x1024.jpg 604w, https:\/\/omerfarukyavascay.com\/wp-content\/uploads\/2024\/12\/20230623_001037-1-scaled-2-177x300.jpg 177w, https:\/\/omerfarukyavascay.com\/wp-content\/uploads\/2024\/12\/20230623_001037-1-scaled-2-768x1301.jpg 768w, https:\/\/omerfarukyavascay.com\/wp-content\/uploads\/2024\/12\/20230623_001037-1-scaled-2-907x1536.jpg 907w, https:\/\/omerfarukyavascay.com\/wp-content\/uploads\/2024\/12\/20230623_001037-1-scaled-2-1209x2048.jpg 1209w, https:\/\/omerfarukyavascay.com\/wp-content\/uploads\/2024\/12\/20230623_001037-1-scaled-2-1140x1931.jpg 1140w, https:\/\/omerfarukyavascay.com\/wp-content\/uploads\/2024\/12\/20230623_001037-1-scaled-2.jpg 1511w\" sizes=\"auto, (max-width: 604px) 100vw, 604px\" \/><\/a><\/figure>\n\n\n\n<p class=\"has-text-align-center\">04.02.2023&nbsp;(Birg\u00fcn Gazetesi)<\/p>\n<\/div>\n\n\n\n<div class=\"wp-block-column is-layout-flow wp-block-column-is-layout-flow\">\n<figure class=\"wp-block-image size-large\"><a href=\"https:\/\/omerfarukyavascay.com\/wp-content\/uploads\/2024\/12\/sketch-1687467044555.png\" target=\"_blank\" rel=\" noreferrer noopener\"><img loading=\"lazy\" decoding=\"async\" width=\"978\" height=\"1024\" src=\"https:\/\/omerfarukyavascay.com\/wp-content\/uploads\/2024\/12\/sketch-1687467044555-978x1024.png\" alt=\"\" class=\"wp-image-2074\" srcset=\"https:\/\/omerfarukyavascay.com\/wp-content\/uploads\/2024\/12\/sketch-1687467044555-978x1024.png 978w, https:\/\/omerfarukyavascay.com\/wp-content\/uploads\/2024\/12\/sketch-1687467044555-286x300.png 286w, https:\/\/omerfarukyavascay.com\/wp-content\/uploads\/2024\/12\/sketch-1687467044555-768x804.png 768w, https:\/\/omerfarukyavascay.com\/wp-content\/uploads\/2024\/12\/sketch-1687467044555.png 1080w\" sizes=\"auto, (max-width: 978px) 100vw, 978px\" \/><\/a><\/figure>\n\n\n\n<p class=\"has-text-align-center\">06.02.2023 (S\u00f6zc\u00fc Gazetesi)<\/p>\n<\/div>\n<\/div>\n\n\n\n<div class=\"wp-block-columns is-layout-flex wp-container-core-columns-is-layout-3 wp-block-columns-is-layout-flex\">\n<div class=\"wp-block-column is-layout-flow wp-block-column-is-layout-flow\">\n<h2 class=\"wp-block-heading has-text-align-center\">4<\/h2>\n<\/div>\n\n\n\n<div class=\"wp-block-column is-layout-flow wp-block-column-is-layout-flow\">\n<h2 class=\"wp-block-heading has-text-align-center\">5<\/h2>\n<\/div>\n\n\n\n<div class=\"wp-block-column is-layout-flow wp-block-column-is-layout-flow\">\n<h2 class=\"wp-block-heading has-text-align-center\"><\/h2>\n<\/div>\n<\/div>\n\n\n\n<div class=\"wp-block-columns is-layout-flex wp-container-core-columns-is-layout-4 wp-block-columns-is-layout-flex\">\n<div class=\"wp-block-column is-layout-flow wp-block-column-is-layout-flow\">\n<figure class=\"wp-block-image size-large\"><a href=\"https:\/\/omerfarukyavascay.com\/wp-content\/uploads\/2024\/12\/DSC_0098-2-scaled-1.jpg\" target=\"_blank\" rel=\" noreferrer noopener\"><img loading=\"lazy\" decoding=\"async\" width=\"1024\" height=\"576\" src=\"https:\/\/omerfarukyavascay.com\/wp-content\/uploads\/2024\/12\/DSC_0098-2-scaled-1-1024x576.jpg\" alt=\"\" class=\"wp-image-2076\" srcset=\"https:\/\/omerfarukyavascay.com\/wp-content\/uploads\/2024\/12\/DSC_0098-2-scaled-1-1024x576.jpg 1024w, https:\/\/omerfarukyavascay.com\/wp-content\/uploads\/2024\/12\/DSC_0098-2-scaled-1-300x169.jpg 300w, https:\/\/omerfarukyavascay.com\/wp-content\/uploads\/2024\/12\/DSC_0098-2-scaled-1-768x432.jpg 768w, https:\/\/omerfarukyavascay.com\/wp-content\/uploads\/2024\/12\/DSC_0098-2-scaled-1-1536x864.jpg 1536w, https:\/\/omerfarukyavascay.com\/wp-content\/uploads\/2024\/12\/DSC_0098-2-scaled-1-2048x1152.jpg 2048w, https:\/\/omerfarukyavascay.com\/wp-content\/uploads\/2024\/12\/DSC_0098-2-scaled-1-1140x641.jpg 1140w\" sizes=\"auto, (max-width: 1024px) 100vw, 1024px\" \/><\/a><\/figure>\n\n\n\n<p class=\"has-text-align-center\">14.04.2023 (Birg\u00fcn Gazetesi)<\/p>\n<\/div>\n\n\n\n<div class=\"wp-block-column is-layout-flow wp-block-column-is-layout-flow\">\n<figure class=\"wp-block-image size-large\"><a href=\"https:\/\/omerfarukyavascay.com\/wp-content\/uploads\/2024\/12\/sketch-1687467219918.png\" target=\"_blank\" rel=\" noreferrer noopener\"><img loading=\"lazy\" decoding=\"async\" width=\"464\" height=\"1024\" src=\"https:\/\/omerfarukyavascay.com\/wp-content\/uploads\/2024\/12\/sketch-1687467219918-464x1024.png\" alt=\"\" class=\"wp-image-2077\" srcset=\"https:\/\/omerfarukyavascay.com\/wp-content\/uploads\/2024\/12\/sketch-1687467219918-464x1024.png 464w, https:\/\/omerfarukyavascay.com\/wp-content\/uploads\/2024\/12\/sketch-1687467219918-136x300.png 136w, https:\/\/omerfarukyavascay.com\/wp-content\/uploads\/2024\/12\/sketch-1687467219918-768x1695.png 768w, https:\/\/omerfarukyavascay.com\/wp-content\/uploads\/2024\/12\/sketch-1687467219918-696x1536.png 696w, https:\/\/omerfarukyavascay.com\/wp-content\/uploads\/2024\/12\/sketch-1687467219918.png 870w\" sizes=\"auto, (max-width: 464px) 100vw, 464px\" \/><\/a><\/figure>\n\n\n\n<p class=\"has-text-align-center\">&nbsp;07.06.2023 (Birg\u00fcn Gazetesi)<\/p>\n<\/div>\n\n\n\n<div class=\"wp-block-column is-layout-flow wp-block-column-is-layout-flow\"><\/div>\n<\/div>\n\n\n\n<p><\/p>\n","protected":false},"excerpt":{"rendered":"<p>2023 1 2 3 12.01.2023 (Birg\u00fcn Gazetesi) 04.02.2023&nbsp;(Birg\u00fcn Gazetesi) 06.02.2023 (S\u00f6zc\u00fc Gazetesi) 4 5 14.04.2023 (Birg\u00fcn Gazetesi) &nbsp;07.06.2023 (Birg\u00fcn Gazetesi)<\/p>\n","protected":false},"author":1,"featured_media":0,"parent":0,"menu_order":0,"comment_status":"closed","ping_status":"closed","template":"","meta":{"footnotes":""},"class_list":["post-2065","page","type-page","status-publish","hentry"],"_links":{"self":[{"href":"https:\/\/omerfarukyavascay.com\/index.php?rest_route=\/wp\/v2\/pages\/2065","targetHints":{"allow":["GET"]}}],"collection":[{"href":"https:\/\/omerfarukyavascay.com\/index.php?rest_route=\/wp\/v2\/pages"}],"about":[{"href":"https:\/\/omerfarukyavascay.com\/index.php?rest_route=\/wp\/v2\/types\/page"}],"author":[{"embeddable":true,"href":"https:\/\/omerfarukyavascay.com\/index.php?rest_route=\/wp\/v2\/users\/1"}],"replies":[{"embeddable":true,"href":"https:\/\/omerfarukyavascay.com\/index.php?rest_route=%2Fwp%2Fv2%2Fcomments&post=2065"}],"version-history":[{"count":5,"href":"https:\/\/omerfarukyavascay.com\/index.php?rest_route=\/wp\/v2\/pages\/2065\/revisions"}],"predecessor-version":[{"id":2081,"href":"https:\/\/omerfarukyavascay.com\/index.php?rest_route=\/wp\/v2\/pages\/2065\/revisions\/2081"}],"wp:attachment":[{"href":"https:\/\/omerfarukyavascay.com\/index.php?rest_route=%2Fwp%2Fv2%2Fmedia&parent=2065"}],"curies":[{"name":"wp","href":"https:\/\/api.w.org\/{rel}","templated":true}]}}