{"id":2228,"date":"2025-02-17T00:24:46","date_gmt":"2025-02-16T21:24:46","guid":{"rendered":"https:\/\/omerfarukyavascay.com\/?page_id=2228"},"modified":"2025-02-17T00:24:46","modified_gmt":"2025-02-16T21:24:46","slug":"bagcilar-sinema-akademisi-oyunculuk-akademisi","status":"publish","type":"page","link":"https:\/\/omerfarukyavascay.com\/?page_id=2228","title":{"rendered":"BA\u011eCILAR S\u0130NEMA AKADEM\u0130S\u0130 OYUNCULUK AKADEM\u0130S\u0130"},"content":{"rendered":"\n<div class=\"wp-block-columns is-layout-flex wp-container-core-columns-is-layout-1 wp-block-columns-is-layout-flex\">\n<div class=\"wp-block-column is-layout-flow wp-block-column-is-layout-flow\"><\/div>\n\n\n\n<div class=\"wp-block-column is-layout-flow wp-block-column-is-layout-flow\">\n<figure class=\"wp-block-image size-full has-lightbox\"><a href=\"https:\/\/omerfarukyavascay.com\/?page_id=2223\" target=\"_blank\" rel=\" noreferrer noopener\"><img loading=\"lazy\" decoding=\"async\" width=\"1024\" height=\"768\" src=\"http:\/\/omerfarukyavascay.com\/wp-content\/uploads\/2025\/02\/image-3.jpg\" alt=\"\" class=\"wp-image-2235\" srcset=\"https:\/\/omerfarukyavascay.com\/wp-content\/uploads\/2025\/02\/image-3.jpg 1024w, https:\/\/omerfarukyavascay.com\/wp-content\/uploads\/2025\/02\/image-3-300x225.jpg 300w, https:\/\/omerfarukyavascay.com\/wp-content\/uploads\/2025\/02\/image-3-768x576.jpg 768w\" sizes=\"auto, (max-width: 1024px) 100vw, 1024px\" \/><\/a><\/figure>\n\n\n\n<h2 class=\"wp-block-heading has-text-align-center has-cyan-bluish-gray-color has-text-color has-link-color has-x-large-font-size wp-elements-4ff893f55122cd0210eee9b878284bb7\"><a href=\"https:\/\/omerfarukyavascay.com\/?page_id=2223\" target=\"_blank\" rel=\"noreferrer noopener\">YILI<\/a><\/h2>\n<\/div>\n\n\n\n<div class=\"wp-block-column is-layout-flow wp-block-column-is-layout-flow\"><\/div>\n<\/div>\n","protected":false},"excerpt":{"rendered":"<p>YILI<\/p>\n","protected":false},"author":1,"featured_media":0,"parent":0,"menu_order":0,"comment_status":"closed","ping_status":"closed","template":"","meta":{"footnotes":""},"class_list":["post-2228","page","type-page","status-publish","hentry"],"_links":{"self":[{"href":"https:\/\/omerfarukyavascay.com\/index.php?rest_route=\/wp\/v2\/pages\/2228","targetHints":{"allow":["GET"]}}],"collection":[{"href":"https:\/\/omerfarukyavascay.com\/index.php?rest_route=\/wp\/v2\/pages"}],"about":[{"href":"https:\/\/omerfarukyavascay.com\/index.php?rest_route=\/wp\/v2\/types\/page"}],"author":[{"embeddable":true,"href":"https:\/\/omerfarukyavascay.com\/index.php?rest_route=\/wp\/v2\/users\/1"}],"replies":[{"embeddable":true,"href":"https:\/\/omerfarukyavascay.com\/index.php?rest_route=%2Fwp%2Fv2%2Fcomments&post=2228"}],"version-history":[{"count":1,"href":"https:\/\/omerfarukyavascay.com\/index.php?rest_route=\/wp\/v2\/pages\/2228\/revisions"}],"predecessor-version":[{"id":2236,"href":"https:\/\/omerfarukyavascay.com\/index.php?rest_route=\/wp\/v2\/pages\/2228\/revisions\/2236"}],"wp:attachment":[{"href":"https:\/\/omerfarukyavascay.com\/index.php?rest_route=%2Fwp%2Fv2%2Fmedia&parent=2228"}],"curies":[{"name":"wp","href":"https:\/\/api.w.org\/{rel}","templated":true}]}}