{"id":2238,"date":"2025-02-17T00:35:40","date_gmt":"2025-02-16T21:35:40","guid":{"rendered":"https:\/\/omerfarukyavascay.com\/?page_id=2238"},"modified":"2025-04-14T02:19:47","modified_gmt":"2025-04-13T23:19:47","slug":"programlarim","status":"publish","type":"page","link":"https:\/\/omerfarukyavascay.com\/?page_id=2238","title":{"rendered":"PROGRAMLARIM"},"content":{"rendered":"\n<div class=\"wp-block-columns is-layout-flex wp-container-core-columns-is-layout-1 wp-block-columns-is-layout-flex\">\n<div class=\"wp-block-column is-layout-flow wp-block-column-is-layout-flow\">\n<h2 class=\"wp-block-heading has-text-align-center has-arial-font-family has-custom-font\" style=\"font-size:16px;font-family:Arial\"><a href=\"https:\/\/omerfarukyavascay.com\/?page_id=2252\" data-type=\"link\" data-id=\"https:\/\/omerfarukyavascay.com\/?page_id=2248\" target=\"_blank\" rel=\"noreferrer noopener\">\u00d6mer Faruk Yava\u015f\u00e7ay ile Y\u00fcr\u00fcy\u00fc\u015f<\/a><\/h2>\n\n\n\n<figure class=\"wp-block-image size-large has-lightbox\"><a href=\"https:\/\/omerfarukyavascay.com\/?page_id=2252\" target=\"_blank\" rel=\" noreferrer noopener\"><img loading=\"lazy\" decoding=\"async\" width=\"1024\" height=\"576\" src=\"https:\/\/omerfarukyavascay.com\/wp-content\/uploads\/2025\/02\/Omer-Faruk-Yavascay-Ile-Yuruyus-1024x576.png\" alt=\"\" class=\"wp-image-2247\" srcset=\"https:\/\/omerfarukyavascay.com\/wp-content\/uploads\/2025\/02\/Omer-Faruk-Yavascay-Ile-Yuruyus-1024x576.png 1024w, https:\/\/omerfarukyavascay.com\/wp-content\/uploads\/2025\/02\/Omer-Faruk-Yavascay-Ile-Yuruyus-300x169.png 300w, https:\/\/omerfarukyavascay.com\/wp-content\/uploads\/2025\/02\/Omer-Faruk-Yavascay-Ile-Yuruyus-768x432.png 768w, https:\/\/omerfarukyavascay.com\/wp-content\/uploads\/2025\/02\/Omer-Faruk-Yavascay-Ile-Yuruyus-1536x864.png 1536w, https:\/\/omerfarukyavascay.com\/wp-content\/uploads\/2025\/02\/Omer-Faruk-Yavascay-Ile-Yuruyus-1140x641.png 1140w, https:\/\/omerfarukyavascay.com\/wp-content\/uploads\/2025\/02\/Omer-Faruk-Yavascay-Ile-Yuruyus.png 1920w\" sizes=\"auto, (max-width: 1024px) 100vw, 1024px\" \/><\/a><\/figure>\n<\/div>\n\n\n\n<div class=\"wp-block-column is-layout-flow wp-block-column-is-layout-flow\">\n<h2 class=\"wp-block-heading has-text-align-center has-arial-font-family has-custom-font\" style=\"font-size:16px;font-family:Arial\"><a href=\"https:\/\/omerfarukyavascay.com\/?page_id=2228\" data-type=\"link\" data-id=\"https:\/\/omerfarukyavascay.com\/?page_id=2228\" target=\"_blank\" rel=\"noreferrer noopener\">Ba\u011fc\u0131lar Sinema Akademisi Oyunculuk E\u011fitimi<\/a><\/h2>\n\n\n\n<figure class=\"wp-block-image size-large has-lightbox\"><a href=\"https:\/\/omerfarukyavascay.com\/?page_id=2228\" target=\"_blank\" rel=\" noreferrer noopener\"><img loading=\"lazy\" decoding=\"async\" width=\"1024\" height=\"576\" src=\"https:\/\/omerfarukyavascay.com\/wp-content\/uploads\/2025\/02\/BAGCILAR-SINEMA-KADEMISI-1024x576.png\" alt=\"\" class=\"wp-image-2245\" srcset=\"https:\/\/omerfarukyavascay.com\/wp-content\/uploads\/2025\/02\/BAGCILAR-SINEMA-KADEMISI-1024x576.png 1024w, https:\/\/omerfarukyavascay.com\/wp-content\/uploads\/2025\/02\/BAGCILAR-SINEMA-KADEMISI-300x169.png 300w, https:\/\/omerfarukyavascay.com\/wp-content\/uploads\/2025\/02\/BAGCILAR-SINEMA-KADEMISI-768x432.png 768w, https:\/\/omerfarukyavascay.com\/wp-content\/uploads\/2025\/02\/BAGCILAR-SINEMA-KADEMISI-1536x864.png 1536w, https:\/\/omerfarukyavascay.com\/wp-content\/uploads\/2025\/02\/BAGCILAR-SINEMA-KADEMISI-1140x641.png 1140w, https:\/\/omerfarukyavascay.com\/wp-content\/uploads\/2025\/02\/BAGCILAR-SINEMA-KADEMISI.png 1920w\" sizes=\"auto, (max-width: 1024px) 100vw, 1024px\" \/><\/a><\/figure>\n<\/div>\n<\/div>\n\n\n\n<div class=\"wp-block-columns is-layout-flex wp-container-core-columns-is-layout-2 wp-block-columns-is-layout-flex\">\n<div class=\"wp-block-column is-layout-flow wp-block-column-is-layout-flow\">\n<p class=\"has-text-align-center\"><a href=\"https:\/\/omerfarukyavascay.com\/?page_id=2320\" target=\"_blank\" rel=\"noreferrer noopener\">Ba\u011fc\u0131lar Sinema Akademisi Konuklar\u0131<\/a><\/p>\n\n\n\n<figure class=\"wp-block-image size-large has-lightbox\"><a href=\"https:\/\/omerfarukyavascay.com\/?page_id=2320\" target=\"_blank\" rel=\" noreferrer noopener\"><img loading=\"lazy\" decoding=\"async\" width=\"1024\" height=\"576\" src=\"https:\/\/omerfarukyavascay.com\/wp-content\/uploads\/2025\/04\/Black-White-Vintage-Retro-Movie-Cinema-Illustrative-History-Project-Presentation-1024x576.png\" alt=\"\" class=\"wp-image-2308\" srcset=\"https:\/\/omerfarukyavascay.com\/wp-content\/uploads\/2025\/04\/Black-White-Vintage-Retro-Movie-Cinema-Illustrative-History-Project-Presentation-1024x576.png 1024w, https:\/\/omerfarukyavascay.com\/wp-content\/uploads\/2025\/04\/Black-White-Vintage-Retro-Movie-Cinema-Illustrative-History-Project-Presentation-300x169.png 300w, https:\/\/omerfarukyavascay.com\/wp-content\/uploads\/2025\/04\/Black-White-Vintage-Retro-Movie-Cinema-Illustrative-History-Project-Presentation-768x432.png 768w, https:\/\/omerfarukyavascay.com\/wp-content\/uploads\/2025\/04\/Black-White-Vintage-Retro-Movie-Cinema-Illustrative-History-Project-Presentation-1536x864.png 1536w, https:\/\/omerfarukyavascay.com\/wp-content\/uploads\/2025\/04\/Black-White-Vintage-Retro-Movie-Cinema-Illustrative-History-Project-Presentation-1140x641.png 1140w, https:\/\/omerfarukyavascay.com\/wp-content\/uploads\/2025\/04\/Black-White-Vintage-Retro-Movie-Cinema-Illustrative-History-Project-Presentation.png 1920w\" sizes=\"auto, (max-width: 1024px) 100vw, 1024px\" \/><\/a><\/figure>\n<\/div>\n\n\n\n<div class=\"wp-block-column is-layout-flow wp-block-column-is-layout-flow\">\n<p class=\"has-text-align-center\"><a href=\"https:\/\/omerfarukyavascay.com\/?page_id=2328\" target=\"_blank\" rel=\"noreferrer noopener\">Bas\u0131na R\u00f6portaj Vermek<\/a><\/p>\n\n\n\n<figure class=\"wp-block-image size-large has-lightbox\"><a href=\"https:\/\/omerfarukyavascay.com\/?page_id=2328\" target=\"_blank\" rel=\" noreferrer noopener\"><img loading=\"lazy\" decoding=\"async\" width=\"1024\" height=\"576\" src=\"https:\/\/omerfarukyavascay.com\/wp-content\/uploads\/2025\/04\/Omer-Faruk-Yavascay-Ile-1024x576.png\" alt=\"\" class=\"wp-image-2309\" srcset=\"https:\/\/omerfarukyavascay.com\/wp-content\/uploads\/2025\/04\/Omer-Faruk-Yavascay-Ile-1024x576.png 1024w, https:\/\/omerfarukyavascay.com\/wp-content\/uploads\/2025\/04\/Omer-Faruk-Yavascay-Ile-300x169.png 300w, https:\/\/omerfarukyavascay.com\/wp-content\/uploads\/2025\/04\/Omer-Faruk-Yavascay-Ile-768x432.png 768w, https:\/\/omerfarukyavascay.com\/wp-content\/uploads\/2025\/04\/Omer-Faruk-Yavascay-Ile-1536x864.png 1536w, https:\/\/omerfarukyavascay.com\/wp-content\/uploads\/2025\/04\/Omer-Faruk-Yavascay-Ile-1140x641.png 1140w, https:\/\/omerfarukyavascay.com\/wp-content\/uploads\/2025\/04\/Omer-Faruk-Yavascay-Ile.png 1920w\" sizes=\"auto, (max-width: 1024px) 100vw, 1024px\" \/><\/a><\/figure>\n<\/div>\n<\/div>\n\n\n\n<div class=\"wp-block-columns is-layout-flex wp-container-core-columns-is-layout-3 wp-block-columns-is-layout-flex\">\n<div class=\"wp-block-column is-layout-flow wp-block-column-is-layout-flow\" style=\"flex-basis:25%\"><\/div>\n\n\n\n<div class=\"wp-block-column is-layout-flow wp-block-column-is-layout-flow\">\n<h2 class=\"wp-block-heading has-text-align-center has-arial-font-family has-custom-font\" style=\"font-size:16px;font-family:Arial\"><a href=\"https:\/\/omerfarukyavascay.com\/?page_id=2258\" target=\"_blank\" rel=\"noreferrer noopener\">\u0130stanbul&#8217;un Tarihi Yap\u0131lar\u0131<\/a><\/h2>\n\n\n\n<figure class=\"wp-block-image size-large has-lightbox\"><a href=\"https:\/\/omerfarukyavascay.com\/?page_id=2258\" target=\"_blank\" rel=\" noreferrer noopener\"><img loading=\"lazy\" decoding=\"async\" width=\"1024\" height=\"576\" src=\"https:\/\/omerfarukyavascay.com\/wp-content\/uploads\/2025\/02\/Istanbulun-Tarihi-Yapilari-1-1024x576.png\" alt=\"\" class=\"wp-image-2259\" srcset=\"https:\/\/omerfarukyavascay.com\/wp-content\/uploads\/2025\/02\/Istanbulun-Tarihi-Yapilari-1-1024x576.png 1024w, https:\/\/omerfarukyavascay.com\/wp-content\/uploads\/2025\/02\/Istanbulun-Tarihi-Yapilari-1-300x169.png 300w, https:\/\/omerfarukyavascay.com\/wp-content\/uploads\/2025\/02\/Istanbulun-Tarihi-Yapilari-1-768x432.png 768w, https:\/\/omerfarukyavascay.com\/wp-content\/uploads\/2025\/02\/Istanbulun-Tarihi-Yapilari-1-1536x864.png 1536w, https:\/\/omerfarukyavascay.com\/wp-content\/uploads\/2025\/02\/Istanbulun-Tarihi-Yapilari-1-2048x1152.png 2048w, https:\/\/omerfarukyavascay.com\/wp-content\/uploads\/2025\/02\/Istanbulun-Tarihi-Yapilari-1-1140x641.png 1140w\" sizes=\"auto, (max-width: 1024px) 100vw, 1024px\" \/><\/a><\/figure>\n<\/div>\n\n\n\n<div class=\"wp-block-column is-layout-flow wp-block-column-is-layout-flow\" style=\"flex-basis:25%\"><\/div>\n<\/div>\n","protected":false},"excerpt":{"rendered":"<p>\u00d6mer Faruk Yava\u015f\u00e7ay ile Y\u00fcr\u00fcy\u00fc\u015f Ba\u011fc\u0131lar Sinema Akademisi Oyunculuk E\u011fitimi Ba\u011fc\u0131lar Sinema Akademisi Konuklar\u0131 Bas\u0131na R\u00f6portaj Vermek \u0130stanbul&#8217;un Tarihi Yap\u0131lar\u0131<\/p>\n","protected":false},"author":1,"featured_media":0,"parent":0,"menu_order":0,"comment_status":"closed","ping_status":"closed","template":"","meta":{"footnotes":""},"class_list":["post-2238","page","type-page","status-publish","hentry"],"_links":{"self":[{"href":"https:\/\/omerfarukyavascay.com\/index.php?rest_route=\/wp\/v2\/pages\/2238","targetHints":{"allow":["GET"]}}],"collection":[{"href":"https:\/\/omerfarukyavascay.com\/index.php?rest_route=\/wp\/v2\/pages"}],"about":[{"href":"https:\/\/omerfarukyavascay.com\/index.php?rest_route=\/wp\/v2\/types\/page"}],"author":[{"embeddable":true,"href":"https:\/\/omerfarukyavascay.com\/index.php?rest_route=\/wp\/v2\/users\/1"}],"replies":[{"embeddable":true,"href":"https:\/\/omerfarukyavascay.com\/index.php?rest_route=%2Fwp%2Fv2%2Fcomments&post=2238"}],"version-history":[{"count":9,"href":"https:\/\/omerfarukyavascay.com\/index.php?rest_route=\/wp\/v2\/pages\/2238\/revisions"}],"predecessor-version":[{"id":2330,"href":"https:\/\/omerfarukyavascay.com\/index.php?rest_route=\/wp\/v2\/pages\/2238\/revisions\/2330"}],"wp:attachment":[{"href":"https:\/\/omerfarukyavascay.com\/index.php?rest_route=%2Fwp%2Fv2%2Fmedia&parent=2238"}],"curies":[{"name":"wp","href":"https:\/\/api.w.org\/{rel}","templated":true}]}}