{"id":2258,"date":"2025-02-17T01:11:07","date_gmt":"2025-02-16T22:11:07","guid":{"rendered":"https:\/\/omerfarukyavascay.com\/?page_id=2258"},"modified":"2025-02-17T01:16:39","modified_gmt":"2025-02-16T22:16:39","slug":"istanbulun-tarihi-yapilari","status":"publish","type":"page","link":"https:\/\/omerfarukyavascay.com\/?page_id=2258","title":{"rendered":"\u0130stanbul&#8217;un Tarihi Yap\u0131lar\u0131"},"content":{"rendered":"\n<div class=\"wp-block-columns is-layout-flex wp-container-core-columns-is-layout-1 wp-block-columns-is-layout-flex\">\n<div class=\"wp-block-column is-layout-flow wp-block-column-is-layout-flow\"><\/div>\n\n\n\n<div class=\"wp-block-column is-layout-flow wp-block-column-is-layout-flow\">\n<figure class=\"wp-block-image size-full has-lightbox\"><a href=\"https:\/\/omerfarukyavascay.com\/?page_id=2264\" target=\"_blank\" rel=\" noreferrer noopener\"><img loading=\"lazy\" decoding=\"async\" width=\"1024\" height=\"768\" src=\"https:\/\/omerfarukyavascay.com\/wp-content\/uploads\/2025\/02\/image-5.jpg\" alt=\"\" class=\"wp-image-2260\" srcset=\"https:\/\/omerfarukyavascay.com\/wp-content\/uploads\/2025\/02\/image-5.jpg 1024w, https:\/\/omerfarukyavascay.com\/wp-content\/uploads\/2025\/02\/image-5-300x225.jpg 300w, https:\/\/omerfarukyavascay.com\/wp-content\/uploads\/2025\/02\/image-5-768x576.jpg 768w\" sizes=\"auto, (max-width: 1024px) 100vw, 1024px\" \/><\/a><\/figure>\n\n\n\n<h2 class=\"wp-block-heading has-text-align-center\"><a href=\"https:\/\/omerfarukyavascay.com\/?page_id=2264\" target=\"_blank\" rel=\"noreferrer noopener\">YILI<\/a><\/h2>\n<\/div>\n\n\n\n<div class=\"wp-block-column is-layout-flow wp-block-column-is-layout-flow\"><\/div>\n<\/div>\n","protected":false},"excerpt":{"rendered":"<p>YILI<\/p>\n","protected":false},"author":1,"featured_media":0,"parent":0,"menu_order":0,"comment_status":"closed","ping_status":"closed","template":"","meta":{"footnotes":""},"class_list":["post-2258","page","type-page","status-publish","hentry"],"_links":{"self":[{"href":"https:\/\/omerfarukyavascay.com\/index.php?rest_route=\/wp\/v2\/pages\/2258","targetHints":{"allow":["GET"]}}],"collection":[{"href":"https:\/\/omerfarukyavascay.com\/index.php?rest_route=\/wp\/v2\/pages"}],"about":[{"href":"https:\/\/omerfarukyavascay.com\/index.php?rest_route=\/wp\/v2\/types\/page"}],"author":[{"embeddable":true,"href":"https:\/\/omerfarukyavascay.com\/index.php?rest_route=\/wp\/v2\/users\/1"}],"replies":[{"embeddable":true,"href":"https:\/\/omerfarukyavascay.com\/index.php?rest_route=%2Fwp%2Fv2%2Fcomments&post=2258"}],"version-history":[{"count":2,"href":"https:\/\/omerfarukyavascay.com\/index.php?rest_route=\/wp\/v2\/pages\/2258\/revisions"}],"predecessor-version":[{"id":2267,"href":"https:\/\/omerfarukyavascay.com\/index.php?rest_route=\/wp\/v2\/pages\/2258\/revisions\/2267"}],"wp:attachment":[{"href":"https:\/\/omerfarukyavascay.com\/index.php?rest_route=%2Fwp%2Fv2%2Fmedia&parent=2258"}],"curies":[{"name":"wp","href":"https:\/\/api.w.org\/{rel}","templated":true}]}}