{"id":2264,"date":"2025-02-17T01:15:51","date_gmt":"2025-02-16T22:15:51","guid":{"rendered":"https:\/\/omerfarukyavascay.com\/?page_id=2264"},"modified":"2025-02-17T01:17:00","modified_gmt":"2025-02-16T22:17:00","slug":"istanbulun-tarihi-yapilari-2","status":"publish","type":"page","link":"https:\/\/omerfarukyavascay.com\/?page_id=2264","title":{"rendered":"\u0130stanbul\u2019un Tarihi Yap\u0131lar\u0131"},"content":{"rendered":"\n<div class=\"wp-block-columns is-layout-flex wp-container-core-columns-is-layout-1 wp-block-columns-is-layout-flex\">\n<div class=\"wp-block-column is-layout-flow wp-block-column-is-layout-flow\"><\/div>\n\n\n\n<div class=\"wp-block-column is-layout-flow wp-block-column-is-layout-flow\">\n<h2 class=\"wp-block-heading has-text-align-center has-arial-font-family has-custom-font\" style=\"font-family:Arial\"><a href=\"https:\/\/youtu.be\/JAdy5YjmK8Y?si=sSQdNFa77bdiOErQ\" target=\"_blank\" rel=\"noreferrer noopener\">1.B\u00f6l\u00fcm<\/a><\/h2>\n\n\n\n<figure class=\"wp-block-embed is-type-video is-provider-youtube wp-block-embed-youtube wp-embed-aspect-16-9 wp-has-aspect-ratio\"><div class=\"wp-block-embed__wrapper\">\n<iframe loading=\"lazy\" title=\"\u0130stanbul&#039;un Tarihi Yap\u0131lar\u0131 (1.B\u00f6l\u00fcm)  Rami K\u0131\u015flas\u0131 K\u00fct\u00fcphanesi M\u00fczesi\" width=\"960\" height=\"540\" src=\"https:\/\/www.youtube.com\/embed\/JAdy5YjmK8Y?feature=oembed\" frameborder=\"0\" allow=\"accelerometer; autoplay; clipboard-write; encrypted-media; gyroscope; picture-in-picture; web-share\" referrerpolicy=\"strict-origin-when-cross-origin\" allowfullscreen><\/iframe>\n<\/div><\/figure>\n\n\n\n<p class=\"has-text-align-center has-small-font-size\">Rami K\u0131\u015flas\u0131 K\u00fct\u00fcphanesi ve M\u00fczesi<\/p>\n<\/div>\n\n\n\n<div class=\"wp-block-column is-layout-flow wp-block-column-is-layout-flow\"><\/div>\n<\/div>\n","protected":false},"excerpt":{"rendered":"<p>1.B\u00f6l\u00fcm Rami K\u0131\u015flas\u0131 K\u00fct\u00fcphanesi ve M\u00fczesi<\/p>\n","protected":false},"author":1,"featured_media":0,"parent":0,"menu_order":0,"comment_status":"closed","ping_status":"closed","template":"","meta":{"footnotes":""},"class_list":["post-2264","page","type-page","status-publish","hentry"],"_links":{"self":[{"href":"https:\/\/omerfarukyavascay.com\/index.php?rest_route=\/wp\/v2\/pages\/2264","targetHints":{"allow":["GET"]}}],"collection":[{"href":"https:\/\/omerfarukyavascay.com\/index.php?rest_route=\/wp\/v2\/pages"}],"about":[{"href":"https:\/\/omerfarukyavascay.com\/index.php?rest_route=\/wp\/v2\/types\/page"}],"author":[{"embeddable":true,"href":"https:\/\/omerfarukyavascay.com\/index.php?rest_route=\/wp\/v2\/users\/1"}],"replies":[{"embeddable":true,"href":"https:\/\/omerfarukyavascay.com\/index.php?rest_route=%2Fwp%2Fv2%2Fcomments&post=2264"}],"version-history":[{"count":2,"href":"https:\/\/omerfarukyavascay.com\/index.php?rest_route=\/wp\/v2\/pages\/2264\/revisions"}],"predecessor-version":[{"id":2268,"href":"https:\/\/omerfarukyavascay.com\/index.php?rest_route=\/wp\/v2\/pages\/2264\/revisions\/2268"}],"wp:attachment":[{"href":"https:\/\/omerfarukyavascay.com\/index.php?rest_route=%2Fwp%2Fv2%2Fmedia&parent=2264"}],"curies":[{"name":"wp","href":"https:\/\/api.w.org\/{rel}","templated":true}]}}