{"id":2320,"date":"2025-04-14T02:11:41","date_gmt":"2025-04-13T23:11:41","guid":{"rendered":"https:\/\/omerfarukyavascay.com\/?page_id=2320"},"modified":"2025-04-14T02:16:47","modified_gmt":"2025-04-13T23:16:47","slug":"bagcilar-sinema-akademisi-konuklari","status":"publish","type":"page","link":"https:\/\/omerfarukyavascay.com\/?page_id=2320","title":{"rendered":"Ba\u011fc\u0131lar Sinema Akademisi Konuklar\u0131"},"content":{"rendered":"\n<div class=\"wp-block-columns is-layout-flex wp-container-core-columns-is-layout-1 wp-block-columns-is-layout-flex\">\n<div class=\"wp-block-column is-layout-flow wp-block-column-is-layout-flow\">\n<p class=\"has-text-align-center\"><a href=\"https:\/\/youtu.be\/oZ6pURBekm8?feature=shared\" target=\"_blank\" rel=\"noreferrer noopener\">Ba\u011fc\u0131lar Sinema Akademisi Konuklar\u0131 (1.B\u00d6L\u00dcM) <\/a><\/p>\n\n\n\n<p class=\"has-text-align-center\"><a href=\"https:\/\/youtu.be\/oZ6pURBekm8?feature=shared\" target=\"_blank\" rel=\"noreferrer noopener\">Serdar Arslan (Sinema Yazar\u0131)<\/a><\/p>\n\n\n\n<p><\/p>\n\n\n\n<figure class=\"wp-block-embed is-type-video is-provider-youtube wp-block-embed-youtube wp-embed-aspect-16-9 wp-has-aspect-ratio\"><div class=\"wp-block-embed__wrapper\">\n<iframe loading=\"lazy\" title=\"Ba\u011fc\u0131lar Sinema Akademisi Konuklar\u0131 (1.B\u00d6L\u00dcM) Serdar Arslan (Sinema Yazar\u0131)\" width=\"960\" height=\"540\" src=\"https:\/\/www.youtube.com\/embed\/oZ6pURBekm8?feature=oembed\" frameborder=\"0\" allow=\"accelerometer; autoplay; clipboard-write; encrypted-media; gyroscope; picture-in-picture; web-share\" referrerpolicy=\"strict-origin-when-cross-origin\" allowfullscreen><\/iframe>\n<\/div><\/figure>\n<\/div>\n\n\n\n<div class=\"wp-block-column is-layout-flow wp-block-column-is-layout-flow\">\n<p class=\"has-text-align-center\"><a href=\"https:\/\/youtu.be\/eLnW3swaJsk?feature=shared\" target=\"_blank\" rel=\"noreferrer noopener\">Ba\u011fc\u0131lar Sinema Akademisi Konuklar\u0131 (2.B\u00f6l\u00fcm) <\/a><\/p>\n\n\n\n<p class=\"has-text-align-center\"><a href=\"https:\/\/youtu.be\/eLnW3swaJsk?feature=shared\" target=\"_blank\" rel=\"noreferrer noopener\">Tar\u0131k Tufan<\/a><\/p>\n\n\n\n<p><\/p>\n\n\n\n<figure class=\"wp-block-embed is-type-video is-provider-youtube wp-block-embed-youtube wp-embed-aspect-16-9 wp-has-aspect-ratio\"><div class=\"wp-block-embed__wrapper\">\n<iframe loading=\"lazy\" title=\"Ba\u011fc\u0131lar Sinema Akademisi Konuklar\u0131 (2.B\u00f6l\u00fcm) Tar\u0131k Tufan\" width=\"960\" height=\"540\" src=\"https:\/\/www.youtube.com\/embed\/eLnW3swaJsk?feature=oembed\" frameborder=\"0\" allow=\"accelerometer; autoplay; clipboard-write; encrypted-media; gyroscope; picture-in-picture; web-share\" referrerpolicy=\"strict-origin-when-cross-origin\" allowfullscreen><\/iframe>\n<\/div><\/figure>\n<\/div>\n<\/div>\n\n\n\n<div class=\"wp-block-columns is-layout-flex wp-container-core-columns-is-layout-2 wp-block-columns-is-layout-flex\">\n<div class=\"wp-block-column is-layout-flow wp-block-column-is-layout-flow\"><\/div>\n\n\n\n<div class=\"wp-block-column is-layout-flow wp-block-column-is-layout-flow\"><\/div>\n\n\n\n<div class=\"wp-block-column is-layout-flow wp-block-column-is-layout-flow\"><\/div>\n<\/div>\n\n\n\n<div class=\"wp-block-columns is-layout-flex wp-container-core-columns-is-layout-3 wp-block-columns-is-layout-flex\">\n<div class=\"wp-block-column is-layout-flow wp-block-column-is-layout-flow\"><\/div>\n\n\n\n<div class=\"wp-block-column is-layout-flow wp-block-column-is-layout-flow\"><\/div>\n<\/div>\n","protected":false},"excerpt":{"rendered":"<p>Ba\u011fc\u0131lar Sinema Akademisi Konuklar\u0131 (1.B\u00d6L\u00dcM) Serdar Arslan (Sinema Yazar\u0131) Ba\u011fc\u0131lar Sinema Akademisi Konuklar\u0131 (2.B\u00f6l\u00fcm) Tar\u0131k Tufan<\/p>\n","protected":false},"author":1,"featured_media":0,"parent":0,"menu_order":0,"comment_status":"closed","ping_status":"closed","template":"","meta":{"footnotes":""},"class_list":["post-2320","page","type-page","status-publish","hentry"],"_links":{"self":[{"href":"https:\/\/omerfarukyavascay.com\/index.php?rest_route=\/wp\/v2\/pages\/2320","targetHints":{"allow":["GET"]}}],"collection":[{"href":"https:\/\/omerfarukyavascay.com\/index.php?rest_route=\/wp\/v2\/pages"}],"about":[{"href":"https:\/\/omerfarukyavascay.com\/index.php?rest_route=\/wp\/v2\/types\/page"}],"author":[{"embeddable":true,"href":"https:\/\/omerfarukyavascay.com\/index.php?rest_route=\/wp\/v2\/users\/1"}],"replies":[{"embeddable":true,"href":"https:\/\/omerfarukyavascay.com\/index.php?rest_route=%2Fwp%2Fv2%2Fcomments&post=2320"}],"version-history":[{"count":5,"href":"https:\/\/omerfarukyavascay.com\/index.php?rest_route=\/wp\/v2\/pages\/2320\/revisions"}],"predecessor-version":[{"id":2327,"href":"https:\/\/omerfarukyavascay.com\/index.php?rest_route=\/wp\/v2\/pages\/2320\/revisions\/2327"}],"wp:attachment":[{"href":"https:\/\/omerfarukyavascay.com\/index.php?rest_route=%2Fwp%2Fv2%2Fmedia&parent=2320"}],"curies":[{"name":"wp","href":"https:\/\/api.w.org\/{rel}","templated":true}]}}