{"id":2328,"date":"2025-04-14T02:19:02","date_gmt":"2025-04-13T23:19:02","guid":{"rendered":"https:\/\/omerfarukyavascay.com\/?page_id=2328"},"modified":"2025-04-14T02:25:41","modified_gmt":"2025-04-13T23:25:41","slug":"omer-faruk-yavascay-ile-basina-roportaj-vermek","status":"publish","type":"page","link":"https:\/\/omerfarukyavascay.com\/?page_id=2328","title":{"rendered":"\u00d6mer Faruk Yava\u015f\u00e7ay ile Bas\u0131na R\u00f6portaj Vermek"},"content":{"rendered":"\n<div class=\"wp-block-columns is-layout-flex wp-container-core-columns-is-layout-1 wp-block-columns-is-layout-flex\">\n<div class=\"wp-block-column is-layout-flow wp-block-column-is-layout-flow\"><\/div>\n\n\n\n<div class=\"wp-block-column is-layout-flow wp-block-column-is-layout-flow\" style=\"flex-basis:50%\">\n<h2 class=\"wp-block-heading has-text-align-center has-arial-font-family has-custom-font\" style=\"font-family:Arial\"><a href=\"https:\/\/www.youtube.com\/watch?v=XL3Da3imXSI\" target=\"_blank\" rel=\"noreferrer noopener\">Bas\u0131na R\u00f6portaj Vermek (1.B\u00f6l\u00fcm)<\/a><\/h2>\n\n\n\n<figure class=\"wp-block-embed aligncenter is-type-video is-provider-youtube wp-block-embed-youtube wp-embed-aspect-16-9 wp-has-aspect-ratio\"><div class=\"wp-block-embed__wrapper\">\n<iframe loading=\"lazy\" title=\"Bas\u0131na R\u00f6portaj Vermek (1.B\u00f6l\u00fcm) Tarihi Eser bulduk, ne yapmam\u0131z laz\u0131m?\" width=\"960\" height=\"540\" src=\"https:\/\/www.youtube.com\/embed\/XL3Da3imXSI?feature=oembed\" frameborder=\"0\" allow=\"accelerometer; autoplay; clipboard-write; encrypted-media; gyroscope; picture-in-picture; web-share\" referrerpolicy=\"strict-origin-when-cross-origin\" allowfullscreen><\/iframe>\n<\/div><\/figure>\n\n\n\n<p class=\"has-text-align-center\"><a href=\"https:\/\/www.youtube.com\/watch?v=XL3Da3imXSI\" target=\"_blank\" rel=\"noreferrer noopener\">Tarihi Eser bulduk, ne yapmam\u0131z laz\u0131m?<\/a><\/p>\n<\/div>\n\n\n\n<div class=\"wp-block-column is-layout-flow wp-block-column-is-layout-flow\"><\/div>\n<\/div>\n\n\n\n<div class=\"wp-block-columns is-layout-flex wp-container-core-columns-is-layout-2 wp-block-columns-is-layout-flex\">\n<div class=\"wp-block-column is-layout-flow wp-block-column-is-layout-flow\" style=\"flex-basis:25%\"><\/div>\n\n\n\n<div class=\"wp-block-column is-layout-flow wp-block-column-is-layout-flow\" style=\"flex-basis:25%\"><\/div>\n<\/div>\n\n\n\n<p><\/p>\n","protected":false},"excerpt":{"rendered":"<p>Bas\u0131na R\u00f6portaj Vermek (1.B\u00f6l\u00fcm) Tarihi Eser bulduk, ne yapmam\u0131z laz\u0131m?<\/p>\n","protected":false},"author":1,"featured_media":0,"parent":0,"menu_order":0,"comment_status":"closed","ping_status":"closed","template":"","meta":{"footnotes":""},"class_list":["post-2328","page","type-page","status-publish","hentry"],"_links":{"self":[{"href":"https:\/\/omerfarukyavascay.com\/index.php?rest_route=\/wp\/v2\/pages\/2328","targetHints":{"allow":["GET"]}}],"collection":[{"href":"https:\/\/omerfarukyavascay.com\/index.php?rest_route=\/wp\/v2\/pages"}],"about":[{"href":"https:\/\/omerfarukyavascay.com\/index.php?rest_route=\/wp\/v2\/types\/page"}],"author":[{"embeddable":true,"href":"https:\/\/omerfarukyavascay.com\/index.php?rest_route=\/wp\/v2\/users\/1"}],"replies":[{"embeddable":true,"href":"https:\/\/omerfarukyavascay.com\/index.php?rest_route=%2Fwp%2Fv2%2Fcomments&post=2328"}],"version-history":[{"count":5,"href":"https:\/\/omerfarukyavascay.com\/index.php?rest_route=\/wp\/v2\/pages\/2328\/revisions"}],"predecessor-version":[{"id":2335,"href":"https:\/\/omerfarukyavascay.com\/index.php?rest_route=\/wp\/v2\/pages\/2328\/revisions\/2335"}],"wp:attachment":[{"href":"https:\/\/omerfarukyavascay.com\/index.php?rest_route=%2Fwp%2Fv2%2Fmedia&parent=2328"}],"curies":[{"name":"wp","href":"https:\/\/api.w.org\/{rel}","templated":true}]}}