{"id":2369,"date":"2026-04-28T16:28:25","date_gmt":"2026-04-28T13:28:25","guid":{"rendered":"https:\/\/omerfarukyavascay.com\/?page_id=2369"},"modified":"2026-04-28T18:04:55","modified_gmt":"2026-04-28T15:04:55","slug":"haberleri-2","status":"publish","type":"page","link":"https:\/\/omerfarukyavascay.com\/?page_id=2369","title":{"rendered":"Haberleri"},"content":{"rendered":"\n<h4 class=\"wp-block-heading has-text-align-center has-vivid-red-color has-text-color has-link-color wp-elements-d6d830f1d49a8ecc43f1a4f73998852a\" style=\"font-size:100px;font-style:normal;font-weight:900\"><kbd>2026<\/kbd><\/h4>\n\n\n\n<div class=\"wp-block-columns is-layout-flex wp-container-core-columns-is-layout-1 wp-block-columns-is-layout-flex\">\n<div class=\"wp-block-column is-layout-flow wp-block-column-is-layout-flow\"><\/div>\n<\/div>\n\n\n\n<h2 class=\"wp-block-heading has-text-align-center has-white-color has-black-background-color has-text-color has-background has-link-color wp-elements-1da91321381341512d7df65bd79b1aad\">\u0130stanbul\u2019un Kara Surlar\u0131 y\u0131k\u0131lmak \u00fczere<\/h2>\n\n\n\n<div class=\"wp-block-cover\" style=\"min-height:141px;aspect-ratio:unset;\"><span aria-hidden=\"true\" class=\"wp-block-cover__background has-background-dim-80 has-background-dim\"><\/span><img loading=\"lazy\" decoding=\"async\" width=\"452\" height=\"317\" class=\"wp-block-cover__image-background wp-image-2198\" alt=\"\" src=\"http:\/\/omerfarukyavascay.com\/wp-content\/uploads\/2022\/09\/crop-774-542-452-317-0-ows_79c303fc_a33e_4cf0_bcf8_0b5e582cc8f8-2.jpg\" data-object-fit=\"cover\" srcset=\"https:\/\/omerfarukyavascay.com\/wp-content\/uploads\/2022\/09\/crop-774-542-452-317-0-ows_79c303fc_a33e_4cf0_bcf8_0b5e582cc8f8-2.jpg 452w, https:\/\/omerfarukyavascay.com\/wp-content\/uploads\/2022\/09\/crop-774-542-452-317-0-ows_79c303fc_a33e_4cf0_bcf8_0b5e582cc8f8-2-300x210.jpg 300w\" sizes=\"auto, (max-width: 452px) 100vw, 452px\" \/><div class=\"wp-block-cover__inner-container is-layout-flow wp-block-cover-is-layout-flow\">\n<ol class=\"wp-block-list\">\n<li><a href=\"https:\/\/www.iha.com.tr\/istanbul-haberleri\/istanbulun-kara-surlari-yikilmak-uzere-379993390\" target=\"_blank\" rel=\"noreferrer noopener\">https:\/\/www.iha.com.tr\/istanbul-haberleri\/istanbulun-kara-surlari-yikilmak-uzere-379993390<\/a><\/li>\n\n\n\n<li><a href=\"https:\/\/www.caddenews.com.tr\/istanbulun-kara-surlari-yikilmak-uzere\/\" target=\"_blank\" rel=\"noreferrer noopener\">https:\/\/www.caddenews.com.tr\/istanbulun-kara-surlari-yikilmak-uzere\/<\/a><\/li>\n\n\n\n<li><a href=\"https:\/\/herkesduysun.com\/gundem\/istanbulun-kara-surlari-yikilmak-uzere\/\" target=\"_blank\" rel=\"noreferrer noopener\">https:\/\/herkesduysun.com\/gundem\/istanbulun-kara-surlari-yikilmak-uzere\/<\/a><\/li>\n\n\n\n<li><a href=\"https:\/\/www.msn.com\/tr-tr\/haber\/other\/%C4%B0stanbul-un-kara-surlar%C4%B1-y%C4%B1k%C4%B1lmak-%C3%BCzere\/ar-AA1WuUjS\" target=\"_blank\" rel=\"noreferrer noopener\">https:\/\/www.msn.com\/tr-tr\/haber\/other\/%C4%B0stanbul-un-kara-surlar%C4%B1-y%C4%B1k%C4%B1lmak-%C3%BCzere\/ar-AA1WuUjS<\/a><\/li>\n\n\n\n<li><a href=\"https:\/\/www.linehaber.com.tr\/istanbulun-kara-surlari-yikilmak-uzere\/\" target=\"_blank\" rel=\"noreferrer noopener\">https:\/\/www.linehaber.com.tr\/istanbulun-kara-surlari-yikilmak-uzere\/<\/a><\/li>\n\n\n\n<li><a href=\"https:\/\/www.bakkocaeli.com\/gundem\/istanbul-un-kara-surlari-yikilmak-uzere-119211\" target=\"_blank\" rel=\"noreferrer noopener\">https:\/\/www.bakkocaeli.com\/gundem\/istanbul-un-kara-surlari-yikilmak-uzere-119211<\/a><\/li>\n\n\n\n<li><a href=\"https:\/\/kocaeliduysun.net\/istanbulun-kara-surlari-yikilmak-uzere.html\" target=\"_blank\" rel=\"noreferrer noopener\">https:\/\/kocaeliduysun.net\/istanbulun-kara-surlari-yikilmak-uzere.html<\/a><\/li>\n\n\n\n<li><a href=\"https:\/\/www.instagram.com\/reel\/DUAmVcVDPn7\/\" target=\"_blank\" rel=\"noreferrer noopener\">https:\/\/www.instagram.com\/reel\/DUAmVcVDPn7\/<\/a><\/li>\n\n\n\n<li><a href=\"https:\/\/www.sonsaat.com.tr\/haber\/27471323\/istanbulun-kara-surlari-yikilmak-uzere\" target=\"_blank\" rel=\"noreferrer noopener\">https:\/\/www.sonsaat.com.tr\/haber\/27471323\/istanbulun-kara-surlari-yikilmak-uzere<\/a><\/li>\n\n\n\n<li><a href=\"https:\/\/www.kirklareligazetesi.com.tr\/istanbulun-kara-surlari-yikilmak-uzere\" target=\"_blank\" rel=\"noreferrer noopener\">https:\/\/www.kirklareligazetesi.com.tr\/istanbulun-kara-surlari-yikilmak-uzere<\/a><\/li>\n\n\n\n<li><a href=\"https:\/\/www.pembepusula.org\/istanbul-un-kara-surlari-yikilmak-uzere\/447277\/\" target=\"_blank\" rel=\"noreferrer noopener\">https:\/\/www.pembepusula.org\/istanbul-un-kara-surlari-yikilmak-uzere\/447277\/<\/a><\/li>\n\n\n\n<li><a href=\"https:\/\/www.bursatarafsiz.com\/gundem\/istanbul-un-kara-surlari-yikilmak-uzere-382669\" target=\"_blank\" rel=\"noreferrer noopener\">https:\/\/www.bursatarafsiz.com\/gundem\/istanbul-un-kara-surlari-yikilmak-uzere-382669<\/a><\/li>\n\n\n\n<li><a href=\"https:\/\/www.konyahaber42.com\/istanbul-un-kara-surlari-yikilmak-uzere-1240460\" target=\"_blank\" rel=\"noreferrer noopener\">https:\/\/www.konyahaber42.com\/istanbul-un-kara-surlari-yikilmak-uzere-1240460<\/a><\/li>\n\n\n\n<li><a href=\"https:\/\/kayserigurhaber.com\/haber\/istanbulun-kara-surlari-yikilmak-uzere-804422\" target=\"_blank\" rel=\"noreferrer noopener\">https:\/\/kayserigurhaber.com\/haber\/istanbulun-kara-surlari-yikilmak-uzere-804422<\/a><\/li>\n\n\n\n<li><a href=\"https:\/\/www.istanbulgazetesi.com.tr\/istanbuldaki-kara-surlar-buyuk-tehlike-altinda\" target=\"_blank\" rel=\"noreferrer noopener\">https:\/\/www.istanbulgazetesi.com.tr\/istanbuldaki-kara-surlar-buyuk-tehlike-altinda<\/a><\/li>\n<\/ol>\n<\/div><\/div>\n\n\n\n<div style=\"height:100px\" aria-hidden=\"true\" class=\"wp-block-spacer\"><\/div>\n\n\n\n<div class=\"wp-block-cover\" style=\"min-height:201px;aspect-ratio:unset;\"><span aria-hidden=\"true\" class=\"wp-block-cover__background has-background-dim-80 has-background-dim\"><\/span><img loading=\"lazy\" decoding=\"async\" width=\"1024\" height=\"717\" class=\"wp-block-cover__image-background wp-image-88\" alt=\"\" src=\"http:\/\/omerfarukyavascay.com\/wp-content\/uploads\/2022\/09\/ows_79c303fc_a33e_4cf0_bcf8_0b5e582cc8f8-2-1024x717.jpg\" data-object-fit=\"cover\" srcset=\"https:\/\/omerfarukyavascay.com\/wp-content\/uploads\/2022\/09\/ows_79c303fc_a33e_4cf0_bcf8_0b5e582cc8f8-2-1024x717.jpg 1024w, https:\/\/omerfarukyavascay.com\/wp-content\/uploads\/2022\/09\/ows_79c303fc_a33e_4cf0_bcf8_0b5e582cc8f8-2-300x210.jpg 300w, https:\/\/omerfarukyavascay.com\/wp-content\/uploads\/2022\/09\/ows_79c303fc_a33e_4cf0_bcf8_0b5e582cc8f8-2-768x538.jpg 768w, https:\/\/omerfarukyavascay.com\/wp-content\/uploads\/2022\/09\/ows_79c303fc_a33e_4cf0_bcf8_0b5e582cc8f8-2-1536x1075.jpg 1536w, https:\/\/omerfarukyavascay.com\/wp-content\/uploads\/2022\/09\/ows_79c303fc_a33e_4cf0_bcf8_0b5e582cc8f8-2-1140x798.jpg 1140w, https:\/\/omerfarukyavascay.com\/wp-content\/uploads\/2022\/09\/ows_79c303fc_a33e_4cf0_bcf8_0b5e582cc8f8-2.jpg 2000w\" sizes=\"auto, (max-width: 1024px) 100vw, 1024px\" \/><div class=\"wp-block-cover__inner-container is-layout-flow wp-block-cover-is-layout-flow\">\n<p><\/p>\n<\/div><\/div>\n\n\n\n<p><\/p>\n","protected":false},"excerpt":{"rendered":"<p>2026 \u0130stanbul\u2019un Kara Surlar\u0131 y\u0131k\u0131lmak \u00fczere<\/p>\n","protected":false},"author":1,"featured_media":0,"parent":0,"menu_order":0,"comment_status":"closed","ping_status":"closed","template":"","meta":{"footnotes":""},"class_list":["post-2369","page","type-page","status-publish","hentry"],"_links":{"self":[{"href":"https:\/\/omerfarukyavascay.com\/index.php?rest_route=\/wp\/v2\/pages\/2369","targetHints":{"allow":["GET"]}}],"collection":[{"href":"https:\/\/omerfarukyavascay.com\/index.php?rest_route=\/wp\/v2\/pages"}],"about":[{"href":"https:\/\/omerfarukyavascay.com\/index.php?rest_route=\/wp\/v2\/types\/page"}],"author":[{"embeddable":true,"href":"https:\/\/omerfarukyavascay.com\/index.php?rest_route=\/wp\/v2\/users\/1"}],"replies":[{"embeddable":true,"href":"https:\/\/omerfarukyavascay.com\/index.php?rest_route=%2Fwp%2Fv2%2Fcomments&post=2369"}],"version-history":[{"count":14,"href":"https:\/\/omerfarukyavascay.com\/index.php?rest_route=\/wp\/v2\/pages\/2369\/revisions"}],"predecessor-version":[{"id":2395,"href":"https:\/\/omerfarukyavascay.com\/index.php?rest_route=\/wp\/v2\/pages\/2369\/revisions\/2395"}],"wp:attachment":[{"href":"https:\/\/omerfarukyavascay.com\/index.php?rest_route=%2Fwp%2Fv2%2Fmedia&parent=2369"}],"curies":[{"name":"wp","href":"https:\/\/api.w.org\/{rel}","templated":true}]}}