{"id":505,"date":"2022-09-25T12:34:07","date_gmt":"2022-09-25T09:34:07","guid":{"rendered":"http:\/\/\u00f6merfarukyava\u015f\u00e7ay.com\/?page_id=505"},"modified":"2023-05-18T18:19:57","modified_gmt":"2023-05-18T15:19:57","slug":"konuk-oldugum-programlar","status":"publish","type":"page","link":"https:\/\/omerfarukyavascay.com\/?page_id=505","title":{"rendered":"Konuk oldu\u011fum programlar"},"content":{"rendered":"\n<h2 class=\"has-text-align-center has-cyan-bluish-gray-color has-text-color wp-block-heading\" style=\"font-size:100px\">2022<\/h2>\n\n\n\n<div class=\"wp-block-columns has-black-background-color has-background is-layout-flex wp-container-core-columns-is-layout-1 wp-block-columns-is-layout-flex\">\n<div class=\"wp-block-column is-layout-flow wp-block-column-is-layout-flow\">\n<h2 class=\"has-text-align-center has-white-color has-text-color has-medium-font-size has-custom-font wp-block-heading\" style=\"font-family:Arial\">1-Cumhuriyet Tv <\/h2>\n\n\n\n<h2 class=\"has-text-align-center has-white-color has-text-color has-medium-font-size has-custom-font wp-block-heading\" style=\"font-family:Arial\">(Ayasofya Camii)<\/h2>\n\n\n\n<figure class=\"wp-block-embed is-type-video is-provider-youtube wp-block-embed-youtube wp-embed-aspect-16-9 wp-has-aspect-ratio\"><div class=\"wp-block-embed__wrapper\">\n<iframe loading=\"lazy\" title=\"Ayasofya Camii @CumhuriyetTVtr Konuk:\u00d6mer Faruk Yava\u015f\u00e7ay (22 Eyl\u00fcl 2022)\" width=\"960\" height=\"540\" src=\"https:\/\/www.youtube.com\/embed\/q5J0O7WFCkI?feature=oembed\" frameborder=\"0\" allow=\"accelerometer; autoplay; clipboard-write; encrypted-media; gyroscope; picture-in-picture; web-share\" allowfullscreen><\/iframe>\n<\/div><\/figure>\n<\/div>\n\n\n\n<div class=\"wp-block-column is-layout-flow wp-block-column-is-layout-flow\">\n<h2 class=\"has-text-align-center has-white-color has-text-color has-medium-font-size has-custom-font wp-block-heading\" style=\"font-family:Arial\">2-Cadde Tv <\/h2>\n\n\n\n<h2 class=\"has-text-align-center has-white-color has-text-color has-medium-font-size has-custom-font wp-block-heading\" style=\"font-family:Arial\">(Kapal\u0131\u00e7ar\u015f\u0131 Baz \u0130stasyonu)<\/h2>\n\n\n\n<figure class=\"wp-block-embed is-type-video is-provider-youtube wp-block-embed-youtube wp-embed-aspect-16-9 wp-has-aspect-ratio\"><div class=\"wp-block-embed__wrapper\">\n<iframe loading=\"lazy\" title=\"Kapal\u0131\u00e7ar\u015f\u0131&#039;n\u0131n Nuruosmaniye kap\u0131s\u0131n daki baz istasyonu @gazetedurumtr \u00d6mer Faruk Yava\u015f\u00e7ay\" width=\"960\" height=\"540\" src=\"https:\/\/www.youtube.com\/embed\/QzPSszTX3Oo?feature=oembed\" frameborder=\"0\" allow=\"accelerometer; autoplay; clipboard-write; encrypted-media; gyroscope; picture-in-picture; web-share\" allowfullscreen><\/iframe>\n<\/div><\/figure>\n<\/div>\n<\/div>\n\n\n\n<div class=\"wp-block-columns is-layout-flex wp-container-core-columns-is-layout-2 wp-block-columns-is-layout-flex\">\n<div class=\"wp-block-column has-black-background-color has-background is-layout-flow wp-block-column-is-layout-flow\">\n<h2 class=\"has-text-align-center has-white-color has-text-color has-medium-font-size has-custom-font wp-block-heading\" style=\"font-family:Arial\">                  3-Turkish News Portal                                                  (E\u015fsiz Miras\u0131m\u0131z\u0131n Muhaf\u0131z\u0131)<\/h2>\n\n\n\n<figure class=\"wp-block-embed is-type-video is-provider-youtube wp-block-embed-youtube wp-embed-aspect-16-9 wp-has-aspect-ratio\"><div class=\"wp-block-embed__wrapper\">\n<iframe loading=\"lazy\" title=\"@TurkishNewsPortal &#039;E\u015fsiz Miras\u0131m\u0131z\u0131n Muhaf\u0131z\u0131&#039; ad\u0131 alt\u0131nda yapt\u0131\u011f\u0131m \u00e7al\u0131\u015fmalara dair konu\u015ftuk.\" width=\"960\" height=\"540\" src=\"https:\/\/www.youtube.com\/embed\/2fWlr8EflTY?list=PLuNqm29UvIN4y5qgNd6U4NZwda3s_bDSP\" frameborder=\"0\" allow=\"accelerometer; autoplay; clipboard-write; encrypted-media; gyroscope; picture-in-picture; web-share\" allowfullscreen><\/iframe>\n<\/div><\/figure>\n<\/div>\n\n\n\n<div class=\"wp-block-column is-layout-flow wp-block-column-is-layout-flow\"><\/div>\n<\/div>\n\n\n\n<div class=\"wp-block-columns is-layout-flex wp-container-core-columns-is-layout-3 wp-block-columns-is-layout-flex\">\n<div class=\"wp-block-column is-layout-flow wp-block-column-is-layout-flow\"><\/div>\n\n\n\n<div class=\"wp-block-column is-layout-flow wp-block-column-is-layout-flow\"><\/div>\n<\/div>\n\n\n\n<h2 class=\"has-text-align-center has-cyan-bluish-gray-color has-text-color wp-block-heading\" style=\"font-size:100px\">2023<\/h2>\n\n\n\n<div class=\"wp-block-columns has-black-background-color has-background is-layout-flex wp-container-core-columns-is-layout-4 wp-block-columns-is-layout-flex\">\n<div class=\"wp-block-column has-black-background-color has-background is-layout-flow wp-block-column-is-layout-flow\">\n<h2 class=\"has-text-align-center has-white-color has-text-color has-medium-font-size wp-block-heading\">1-Birle\u015fik Arap Emirlikleri&#8217;ne; (Al Monitor Gazetecisi Rabih Damaj&#8217;a) Ayasofya Camii ile ilgili vermi\u015f oldu\u011fum \u00f6zel r\u00f6portaj<\/h2>\n\n\n\n<figure class=\"wp-block-embed is-type-video is-provider-youtube wp-block-embed-youtube wp-embed-aspect-16-9 wp-has-aspect-ratio\"><div class=\"wp-block-embed__wrapper\">\n<iframe loading=\"lazy\" title=\"Birle\u015fik Arap Emirlikleri&#039;ne; Ayasofya Camii ile ilgili vermi\u015f oldu\u011fum \u00f6zel r\u00f6portaj\" width=\"960\" height=\"540\" src=\"https:\/\/www.youtube.com\/embed\/zJWfUdD-HmI?feature=oembed\" frameborder=\"0\" allow=\"accelerometer; autoplay; clipboard-write; encrypted-media; gyroscope; picture-in-picture; web-share\" allowfullscreen><\/iframe>\n<\/div><\/figure>\n<\/div>\n\n\n\n<div class=\"wp-block-column is-layout-flow wp-block-column-is-layout-flow\">\n<h2 class=\"has-white-color has-text-color has-medium-font-size wp-block-heading\">2-Birle\u015fik Arap Emirlikleri&#8217;ne; (Al Monitor Gazetecisi Rabih Damaj&#8217;a) Ayasofya Camii ile ilgili vermi\u015f oldu\u011fum \u00f6zel r\u00f6portaj<\/h2>\n\n\n\n<figure class=\"wp-block-embed is-type-video is-provider-youtube wp-block-embed-youtube wp-embed-aspect-16-9 wp-has-aspect-ratio\"><div class=\"wp-block-embed__wrapper\">\n<iframe loading=\"lazy\" title=\"\u0622\u064a\u0627 \u0635\u0648\u0641\u064a\u0627 \u062a\u062d\u062a \u0627\u0644\u062e\u0637\u0631 \u0648\u0627\u0644\u0632\u0648\u0627\u0631 \u064a\u0639\u0628\u062b\u0648\u0646 \u0628\u0627\u0644\u0645\u062d\u062a\u0648\u064a\u0627\u062a ..\u0645\u0627\u0630\u0627 \u064a\u062d\u0635\u0644 \u0647\u0646\u0627\u0643 \u061f( \u062a\u0642\u0631\u064a\u0631 \u062e\u0627\u0635 \u0645\u0646 \u0627\u0633\u0637\u0646\u0628\u0648\u0644) - \u0631\u0628\u064a\u0639 \u062f\u0645\u062c\" width=\"960\" height=\"540\" src=\"https:\/\/www.youtube.com\/embed\/Zi7Lb9XX6LI?list=PLuNqm29UvIN7JuRvAoNeGBRymDbjW3Xqp\" frameborder=\"0\" allow=\"accelerometer; autoplay; clipboard-write; encrypted-media; gyroscope; picture-in-picture; web-share\" allowfullscreen><\/iframe>\n<\/div><\/figure>\n<\/div>\n<\/div>\n\n\n\n<div class=\"wp-block-columns has-black-background-color has-background is-layout-flex wp-container-core-columns-is-layout-5 wp-block-columns-is-layout-flex\">\n<div class=\"wp-block-column is-layout-flow wp-block-column-is-layout-flow\">\n<h2 class=\"has-white-color has-text-color has-medium-font-size wp-block-heading\">3-Birle\u015fik Arap Emirlikleri&#8217;ne; (Al Monitor Gazetecisi Rabih Damaj&#8217;a) Ayasofya Camii ile ilgili vermi\u015f oldu\u011fum \u00f6zel r\u00f6portaj<\/h2>\n\n\n\n<figure class=\"wp-block-embed is-type-video is-provider-youtube wp-block-embed-youtube wp-embed-aspect-16-9 wp-has-aspect-ratio\"><div class=\"wp-block-embed__wrapper\">\n<iframe loading=\"lazy\" title=\"\u0622\u064a\u0627 \u0635\u0648\u0641\u064a\u0627 \u062a\u062d\u062a \u0627\u0644\u062e\u0637\u0631 \u0648\u0627\u0644\u0632\u0648\u0627\u0631 \u064a\u0639\u0628\u062b\u0648\u0646 \u062f\u0627\u062e\u0644\u0647  ,\u0645\u0627\u0630\u0627 \u064a\u062d\u0635\u0644 \u0647\u0646\u0627\u0643 \u061f - \u0627\u0644\u062a\u0642\u0631\u064a\u0631 \u0643\u0627\u0645\u0644\u0627\u064b \u0639\u0644\u0649 \u0627\u0644\u0642\u0646\u0627\u0629 - \u0631\u0628\u064a\u0639 \u062f\u0645\u062c\" width=\"960\" height=\"540\" src=\"https:\/\/www.youtube.com\/embed\/MVfZWrgiwfY?feature=oembed\" frameborder=\"0\" allow=\"accelerometer; autoplay; clipboard-write; encrypted-media; gyroscope; picture-in-picture; web-share\" allowfullscreen><\/iframe>\n<\/div><\/figure>\n<\/div>\n\n\n\n<div class=\"wp-block-column is-layout-flow wp-block-column-is-layout-flow\">\n<h2 class=\"has-white-color has-text-color has-medium-font-size wp-block-heading\">4-Birle\u015fik Arap Emirlikleri&#8217;ne; (Al Monitor Gazetecisi Rabih Damaj&#8217;a) Ayasofya Camii ile ilgili vermi\u015f oldu\u011fum \u00f6zel r\u00f6portaj<\/h2>\n\n\n\n<figure class=\"wp-block-embed is-type-video is-provider-youtube wp-block-embed-youtube wp-embed-aspect-16-9 wp-has-aspect-ratio\"><div class=\"wp-block-embed__wrapper\">\n<iframe loading=\"lazy\" title=\"\u0645\u0627\u0630\u0627 \u064a\u062d\u0635\u0644 \u0641\u064a \u0622\u064a\u0627 \u0635\u0648\u0641\u064a\u0627\u061f\u061f  \u062a\u0633\u0631\u064a\u0628\u0627\u062a \u062d\u0635\u0631\u064a\u0629 \u0645\u0646 \u062f\u0627\u062e\u0644\u0647 !! - \u0631\u0628\u064a\u0639 \u062f\u0645\u062c\" width=\"960\" height=\"540\" src=\"https:\/\/www.youtube.com\/embed\/WS9vLwThr3I?feature=oembed\" frameborder=\"0\" allow=\"accelerometer; autoplay; clipboard-write; encrypted-media; gyroscope; picture-in-picture; web-share\" allowfullscreen><\/iframe>\n<\/div><\/figure>\n<\/div>\n<\/div>\n\n\n<h1 class=\"has-text-align-center wp-block-site-title\"><a href=\"https:\/\/omerfarukyavascay.com\" target=\"_self\" rel=\"home\">&Ouml;MER FARUK YAVA\u015e&Ccedil;AY<\/a><\/h1>","protected":false},"excerpt":{"rendered":"<p>2022 1-Cumhuriyet Tv (Ayasofya Camii) 2-Cadde Tv (Kapal\u0131\u00e7ar\u015f\u0131 Baz \u0130stasyonu) 3-Turkish News Portal (E\u015fsiz Miras\u0131m\u0131z\u0131n Muhaf\u0131z\u0131) 2023 1-Birle\u015fik Arap Emirlikleri&#8217;ne; (Al Monitor Gazetecisi Rabih Damaj&#8217;a) Ayasofya Camii ile ilgili vermi\u015f oldu\u011fum \u00f6zel r\u00f6portaj 2-Birle\u015fik Arap Emirlikleri&#8217;ne; (Al Monitor Gazetecisi Rabih Damaj&#8217;a) Ayasofya Camii ile ilgili vermi\u015f oldu\u011fum \u00f6zel r\u00f6portaj 3-Birle\u015fik Arap Emirlikleri&#8217;ne; (Al Monitor Gazetecisi Rabih Damaj&#8217;a) Ayasofya Camii ile ilgili vermi\u015f oldu\u011fum \u00f6zel r\u00f6portaj 4-Birle\u015fik Arap Emirlikleri&#8217;ne; (Al Monitor Gazetecisi Rabih Damaj&#8217;a) Ayasofya Camii ile ilgili vermi\u015f oldu\u011fum \u00f6zel r\u00f6portaj<\/p>\n","protected":false},"author":1,"featured_media":0,"parent":0,"menu_order":0,"comment_status":"closed","ping_status":"closed","template":"","meta":{"footnotes":""},"class_list":["post-505","page","type-page","status-publish","hentry"],"_links":{"self":[{"href":"https:\/\/omerfarukyavascay.com\/index.php?rest_route=\/wp\/v2\/pages\/505","targetHints":{"allow":["GET"]}}],"collection":[{"href":"https:\/\/omerfarukyavascay.com\/index.php?rest_route=\/wp\/v2\/pages"}],"about":[{"href":"https:\/\/omerfarukyavascay.com\/index.php?rest_route=\/wp\/v2\/types\/page"}],"author":[{"embeddable":true,"href":"https:\/\/omerfarukyavascay.com\/index.php?rest_route=\/wp\/v2\/users\/1"}],"replies":[{"embeddable":true,"href":"https:\/\/omerfarukyavascay.com\/index.php?rest_route=%2Fwp%2Fv2%2Fcomments&post=505"}],"version-history":[{"count":26,"href":"https:\/\/omerfarukyavascay.com\/index.php?rest_route=\/wp\/v2\/pages\/505\/revisions"}],"predecessor-version":[{"id":1152,"href":"https:\/\/omerfarukyavascay.com\/index.php?rest_route=\/wp\/v2\/pages\/505\/revisions\/1152"}],"wp:attachment":[{"href":"https:\/\/omerfarukyavascay.com\/index.php?rest_route=%2Fwp%2Fv2%2Fmedia&parent=505"}],"curies":[{"name":"wp","href":"https:\/\/api.w.org\/{rel}","templated":true}]}}