{"id":646,"date":"2022-12-20T15:41:27","date_gmt":"2022-12-20T12:41:27","guid":{"rendered":"http:\/\/\u00f6merfarukyava\u015f\u00e7ay.com\/?page_id=646"},"modified":"2023-01-02T17:06:21","modified_gmt":"2023-01-02T14:06:21","slug":"canli-yayin","status":"publish","type":"page","link":"https:\/\/omerfarukyavascay.com\/?page_id=646","title":{"rendered":"Canl\u0131 Yay\u0131n"},"content":{"rendered":"\n<div style=\"height:100px\" aria-hidden=\"true\" class=\"wp-block-spacer\"><\/div>\n\n\n\n<div class=\"wp-block-columns is-layout-flex wp-container-core-columns-is-layout-1 wp-block-columns-is-layout-flex\">\n<div class=\"wp-block-column has-black-background-color has-background is-layout-flow wp-block-column-is-layout-flow\">\n<h2 class=\"has-text-align-center has-white-color has-black-background-color has-text-color has-background has-medium-font-size has-custom-font wp-block-heading\" style=\"font-family:Arial;font-size:49px\">1-Tv 100  (\u0130stanbul&#8217;un Can \u00c7eki\u015fen Tarihi Surlar\u0131)<\/h2>\n<\/div>\n\n\n\n<div class=\"wp-block-column has-black-background-color has-background is-layout-flow wp-block-column-is-layout-flow\">\n<h2 class=\"has-text-align-center has-white-color has-black-background-color has-text-color has-background has-medium-font-size has-custom-font has-custom-weight wp-block-heading\" style=\"font-weight:normal;font-family:Arial\">2-Turkish News Portal  (E\u015fsiz Miras\u0131m\u0131z\u0131n Muhaf\u0131z\u0131)<\/h2>\n<\/div>\n<\/div>\n\n\n\n<div class=\"wp-block-columns is-layout-flex wp-container-core-columns-is-layout-2 wp-block-columns-is-layout-flex\">\n<div class=\"wp-block-column is-layout-flow wp-block-column-is-layout-flow\">\n<figure class=\"wp-block-embed is-type-video is-provider-youtube wp-block-embed-youtube wp-embed-aspect-16-9 wp-has-aspect-ratio\"><div class=\"wp-block-embed__wrapper\">\n<iframe loading=\"lazy\" title=\"@tv100 a\u00e7\u0131klamalar\u0131m (Canl\u0131 yay\u0131n) (\u0130stanbul&#039;un tarihi surlar\u0131 ile ilgili)\" width=\"960\" height=\"540\" src=\"https:\/\/www.youtube.com\/embed\/98NubcSXkoE?feature=oembed\" frameborder=\"0\" allow=\"accelerometer; autoplay; clipboard-write; encrypted-media; gyroscope; picture-in-picture\" allowfullscreen><\/iframe>\n<\/div><\/figure>\n<\/div>\n\n\n\n<div class=\"wp-block-column is-layout-flow wp-block-column-is-layout-flow\">\n<figure class=\"wp-block-embed is-type-video is-provider-youtube wp-block-embed-youtube wp-embed-aspect-16-9 wp-has-aspect-ratio\"><div class=\"wp-block-embed__wrapper\">\n<iframe loading=\"lazy\" title=\"@TurkishNewsPortal &#039;E\u015fsiz Miras\u0131m\u0131z\u0131n Muhaf\u0131z\u0131&#039; ad\u0131 alt\u0131nda yapt\u0131\u011f\u0131m \u00e7al\u0131\u015fmalara dair konu\u015ftuk.\" width=\"960\" height=\"540\" src=\"https:\/\/www.youtube.com\/embed\/2fWlr8EflTY?list=PLuNqm29UvIN4y5qgNd6U4NZwda3s_bDSP\" frameborder=\"0\" allow=\"accelerometer; autoplay; clipboard-write; encrypted-media; gyroscope; picture-in-picture\" allowfullscreen><\/iframe>\n<\/div><\/figure>\n<\/div>\n<\/div>\n\n\n\n<div style=\"height:100px\" aria-hidden=\"true\" class=\"wp-block-spacer\"><\/div>\n","protected":false},"excerpt":{"rendered":"<p>1-Tv 100 (\u0130stanbul&#8217;un Can \u00c7eki\u015fen Tarihi Surlar\u0131) 2-Turkish News Portal (E\u015fsiz Miras\u0131m\u0131z\u0131n Muhaf\u0131z\u0131)<\/p>\n","protected":false},"author":1,"featured_media":0,"parent":0,"menu_order":0,"comment_status":"closed","ping_status":"closed","template":"","meta":{"footnotes":""},"class_list":["post-646","page","type-page","status-publish","hentry"],"_links":{"self":[{"href":"https:\/\/omerfarukyavascay.com\/index.php?rest_route=\/wp\/v2\/pages\/646","targetHints":{"allow":["GET"]}}],"collection":[{"href":"https:\/\/omerfarukyavascay.com\/index.php?rest_route=\/wp\/v2\/pages"}],"about":[{"href":"https:\/\/omerfarukyavascay.com\/index.php?rest_route=\/wp\/v2\/types\/page"}],"author":[{"embeddable":true,"href":"https:\/\/omerfarukyavascay.com\/index.php?rest_route=\/wp\/v2\/users\/1"}],"replies":[{"embeddable":true,"href":"https:\/\/omerfarukyavascay.com\/index.php?rest_route=%2Fwp%2Fv2%2Fcomments&post=646"}],"version-history":[{"count":14,"href":"https:\/\/omerfarukyavascay.com\/index.php?rest_route=\/wp\/v2\/pages\/646\/revisions"}],"predecessor-version":[{"id":851,"href":"https:\/\/omerfarukyavascay.com\/index.php?rest_route=\/wp\/v2\/pages\/646\/revisions\/851"}],"wp:attachment":[{"href":"https:\/\/omerfarukyavascay.com\/index.php?rest_route=%2Fwp%2Fv2%2Fmedia&parent=646"}],"curies":[{"name":"wp","href":"https:\/\/api.w.org\/{rel}","templated":true}]}}