{"id":951,"date":"2023-01-04T23:19:16","date_gmt":"2023-01-04T20:19:16","guid":{"rendered":"https:\/\/omerfarukyavascay.com\/?page_id=951"},"modified":"2025-01-02T00:37:53","modified_gmt":"2025-01-01T21:37:53","slug":"istatistikler","status":"publish","type":"page","link":"https:\/\/omerfarukyavascay.com\/?page_id=951","title":{"rendered":"\u0130STAT\u0130ST\u0130KLER"},"content":{"rendered":"\n<div style=\"height:100px\" aria-hidden=\"true\" class=\"wp-block-spacer\"><\/div>\n\n\n\n<h2 class=\"wp-block-heading has-text-align-center has-vivid-cyan-blue-color has-text-color has-x-large-font-size\">Bug\u00fcne kadar yap\u0131lan haberlerim (Genel)<\/h2>\n\n\n\n<h2 class=\"wp-block-heading has-text-align-center has-cyan-bluish-gray-color has-text-color has-link-color has-medium-font-size wp-elements-6ad2d2f23202c205cb72d9ff30e629f9\">(Ulusal ve Uluslararas\u0131)<\/h2>\n\n\n\n<h2 class=\"wp-block-heading has-text-align-center has-medium-font-size\">(Tespit ettiklerim)<\/h2>\n\n\n\n<h2 class=\"wp-block-heading has-text-align-center has-vivid-red-color has-text-color has-arial-font-family has-custom-font\" style=\"font-size:72px;font-family:Arial\">2335<\/h2>\n\n\n<div class=\"wp-block-image\">\n<figure class=\"aligncenter size-large is-resized\"><img loading=\"lazy\" decoding=\"async\" width=\"1024\" height=\"341\" src=\"http:\/\/omerfarukyavascay.com\/wp-content\/uploads\/2024\/12\/20241231_001515-1024x341.jpg\" alt=\"\" class=\"wp-image-2171\" style=\"width:577px;height:auto\" srcset=\"https:\/\/omerfarukyavascay.com\/wp-content\/uploads\/2024\/12\/20241231_001515-1024x341.jpg 1024w, https:\/\/omerfarukyavascay.com\/wp-content\/uploads\/2024\/12\/20241231_001515-300x100.jpg 300w, https:\/\/omerfarukyavascay.com\/wp-content\/uploads\/2024\/12\/20241231_001515-768x256.jpg 768w, https:\/\/omerfarukyavascay.com\/wp-content\/uploads\/2024\/12\/20241231_001515.jpg 1080w\" sizes=\"auto, (max-width: 1024px) 100vw, 1024px\" \/><\/figure><\/div>\n\n\n<h2 class=\"wp-block-heading has-text-align-center has-cyan-bluish-gray-color has-text-color\" style=\"font-size:100px\">2022<\/h2>\n\n\n\n<h2 class=\"wp-block-heading has-text-align-center has-luminous-vivid-amber-color has-text-color has-large-font-size\">Web Sitesi Haberlerim<\/h2>\n\n\n\n<h2 class=\"wp-block-heading has-text-align-center has-medium-font-size has-arial-font-family has-custom-font\" style=\"font-family:Arial\">(Tespit ettiklerim)<\/h2>\n\n\n\n<h2 class=\"wp-block-heading has-text-align-center has-vivid-red-color has-text-color has-large-font-size\">Yerli Bas\u0131n<\/h2>\n\n\n\n<h2 class=\"wp-block-heading has-text-align-center has-arial-font-family has-custom-font\" style=\"font-family:Arial\">212<\/h2>\n\n\n\n<h2 class=\"wp-block-heading has-text-align-center has-vivid-red-color has-text-color has-large-font-size\">Uluslararas\u0131 Bas\u0131n<\/h2>\n\n\n\n<h2 class=\"wp-block-heading has-text-align-center has-arial-font-family has-custom-font\" style=\"font-family:Arial\">223<\/h2>\n\n\n\n<h2 class=\"wp-block-heading has-text-align-center has-vivid-red-color has-text-color has-large-font-size\">Toplam<\/h2>\n\n\n\n<h2 class=\"wp-block-heading has-text-align-center has-arial-font-family has-custom-font\" style=\"font-family:Arial\">435<\/h2>\n\n\n\n<div style=\"height:100px\" aria-hidden=\"true\" class=\"wp-block-spacer\"><\/div>\n\n\n\n<h2 class=\"wp-block-heading has-text-align-center has-luminous-vivid-amber-color has-text-color has-large-font-size\">Gazete Haberlerim<\/h2>\n\n\n\n<h2 class=\"wp-block-heading has-text-align-center has-medium-font-size\">(Tespit ettiklerim)<\/h2>\n\n\n\n<h2 class=\"wp-block-heading has-text-align-center has-vivid-red-color has-text-color\">Yerli Bas\u0131n <\/h2>\n\n\n\n<p class=\"has-text-align-center\">Sabah Gazetesi (2)<\/p>\n\n\n\n<p class=\"has-text-align-center\">S\u00f6zc\u00fc (1)<\/p>\n\n\n\n<p class=\"has-text-align-center\">Yeni \u00c7a\u011fr\u0131 (1)<\/p>\n\n\n\n<p class=\"has-text-align-center\">Mu\u011fla Yenig\u00fcn (1)<\/p>\n\n\n\n<p class=\"has-text-align-center\">Damga Gazetesi (1)<\/p>\n\n\n\n<h2 class=\"wp-block-heading has-text-align-center has-vivid-red-color has-text-color\">Uluslararas\u0131 Bas\u0131n <\/h2>\n\n\n\n<p class=\"has-text-align-center\">S\u00fcddeutsche Zeitung (1)<\/p>\n\n\n\n<h2 class=\"wp-block-heading has-text-align-center has-vivid-red-color has-text-color\">Toplam <\/h2>\n\n\n\n<h2 class=\"wp-block-heading has-text-align-center\">7<\/h2>\n\n\n\n<div style=\"height:100px\" aria-hidden=\"true\" class=\"wp-block-spacer\"><\/div>\n\n\n\n<h2 class=\"wp-block-heading has-text-align-center has-luminous-vivid-amber-color has-text-color has-large-font-size\">Youtube\/Web Video\/Televizyon\/Radyo Haberlerim<\/h2>\n\n\n\n<h2 class=\"wp-block-heading has-text-align-center has-medium-font-size\">(Tespit Ettiklerim)<\/h2>\n\n\n\n<h2 class=\"wp-block-heading has-text-align-center has-vivid-red-color has-text-color\">Yerli Bas\u0131n<\/h2>\n\n\n\n<div class=\"wp-block-columns is-layout-flex wp-container-core-columns-is-layout-1 wp-block-columns-is-layout-flex\">\n<div class=\"wp-block-column is-layout-flow wp-block-column-is-layout-flow\">\n<p class=\"has-text-align-center\">Atv (2)<\/p>\n<\/div>\n\n\n\n<div class=\"wp-block-column is-layout-flow wp-block-column-is-layout-flow\">\n<p class=\"has-text-align-center\">S\u00f6zc\u00fc (1)<\/p>\n<\/div>\n\n\n\n<div class=\"wp-block-column is-layout-flow wp-block-column-is-layout-flow\">\n<p class=\"has-text-align-center\">Tv 100 (7)<\/p>\n<\/div>\n<\/div>\n\n\n\n<div class=\"wp-block-columns is-layout-flex wp-container-core-columns-is-layout-2 wp-block-columns-is-layout-flex\">\n<div class=\"wp-block-column is-layout-flow wp-block-column-is-layout-flow\">\n<p class=\"has-text-align-center\">Cadde Tv (1)<\/p>\n<\/div>\n\n\n\n<div class=\"wp-block-column is-layout-flow wp-block-column-is-layout-flow\">\n<p class=\"has-text-align-center\">Cumhuriyet Tv (1)<\/p>\n<\/div>\n\n\n\n<div class=\"wp-block-column is-layout-flow wp-block-column-is-layout-flow\">\n<p class=\"has-text-align-center\">Ger\u00e7ek G\u00fcndem (3)<\/p>\n<\/div>\n<\/div>\n\n\n\n<div class=\"wp-block-columns is-layout-flex wp-container-core-columns-is-layout-3 wp-block-columns-is-layout-flex\">\n<div class=\"wp-block-column is-layout-flow wp-block-column-is-layout-flow\">\n<p class=\"has-text-align-center\">A haber (1)<\/p>\n<\/div>\n\n\n\n<div class=\"wp-block-column is-layout-flow wp-block-column-is-layout-flow\">\n<p class=\"has-text-align-center\">Fox (1)<\/p>\n<\/div>\n\n\n\n<div class=\"wp-block-column is-layout-flow wp-block-column-is-layout-flow\">\n<p class=\"has-text-align-center\">Halk Tv (1)<\/p>\n<\/div>\n<\/div>\n\n\n\n<div class=\"wp-block-columns is-layout-flex wp-container-core-columns-is-layout-4 wp-block-columns-is-layout-flex\">\n<div class=\"wp-block-column is-layout-flow wp-block-column-is-layout-flow\">\n<p class=\"has-text-align-center\">Anka Haber Ajans\u0131 (1)<\/p>\n<\/div>\n\n\n\n<div class=\"wp-block-column is-layout-flow wp-block-column-is-layout-flow\">\n<p class=\"has-text-align-center\">Demir\u00f6ren Haber Ajans\u0131 (1)<\/p>\n<\/div>\n\n\n\n<div class=\"wp-block-column is-layout-flow wp-block-column-is-layout-flow\">\n<p class=\"has-text-align-center\">Habert\u00fcrk (8)<\/p>\n<\/div>\n<\/div>\n\n\n\n<div class=\"wp-block-columns is-layout-flex wp-container-core-columns-is-layout-5 wp-block-columns-is-layout-flex\">\n<div class=\"wp-block-column is-layout-flow wp-block-column-is-layout-flow\">\n<p class=\"has-text-align-center\">Trt Haber (3)<\/p>\n<\/div>\n\n\n\n<div class=\"wp-block-column is-layout-flow wp-block-column-is-layout-flow\">\n<p class=\"has-text-align-center\">Cnn T\u00fcrk (1)<\/p>\n<\/div>\n\n\n\n<div class=\"wp-block-column is-layout-flow wp-block-column-is-layout-flow\">\n<p class=\"has-text-align-center\">Tvnet (1)<\/p>\n<\/div>\n<\/div>\n\n\n\n<div class=\"wp-block-columns is-layout-flex wp-container-core-columns-is-layout-6 wp-block-columns-is-layout-flex\">\n<div class=\"wp-block-column is-layout-flow wp-block-column-is-layout-flow\"><\/div>\n\n\n\n<div class=\"wp-block-column is-layout-flow wp-block-column-is-layout-flow\">\n<p class=\"has-text-align-center\">Dailymotion (8)<\/p>\n<\/div>\n\n\n\n<div class=\"wp-block-column is-layout-flow wp-block-column-is-layout-flow\"><\/div>\n<\/div>\n\n\n\n<h2 class=\"wp-block-heading has-text-align-center has-vivid-red-color has-text-color\">Toplam <\/h2>\n\n\n\n<h2 class=\"wp-block-heading has-text-align-center has-arial-font-family has-custom-font\" style=\"font-family:Arial\">41<\/h2>\n\n\n\n<div style=\"height:100px\" aria-hidden=\"true\" class=\"wp-block-spacer\"><\/div>\n\n\n\n<h2 class=\"wp-block-heading has-text-align-center has-large-font-size has-luminous-vivid-amber-color has-text-color has-arial-font-family has-custom-font\" style=\"font-family:Arial\">Youtube\/Web\/Televizyon\/Radyo Kat\u0131ld\u0131\u011f\u0131m (Konuk oldu\u011fum) Programlar<\/h2>\n\n\n\n<h2 class=\"wp-block-heading has-text-align-center has-vivid-red-color has-text-color\">Yerli Bas\u0131n<\/h2>\n\n\n\n<p class=\"has-text-align-center has-arial-font-family has-custom-font\" style=\"font-family:Arial\"> Cumhuriyet Tv<\/p>\n\n\n\n<p class=\"has-text-align-center has-arial-font-family has-custom-font\" style=\"font-family:Arial\"> Cadde Tv<\/p>\n\n\n\n<p class=\"has-text-align-center\"> Turkish News Portal <\/p>\n\n\n\n<h2 class=\"wp-block-heading has-text-align-center has-vivid-red-color has-text-color\">Toplam <\/h2>\n\n\n\n<h2 class=\"wp-block-heading has-text-align-center has-arial-font-family has-custom-font\" style=\"font-family:Arial\">3<\/h2>\n\n\n\n<div style=\"height:100px\" aria-hidden=\"true\" class=\"wp-block-spacer\"><\/div>\n\n\n\n<h2 class=\"wp-block-heading has-text-align-center has-large-font-size has-luminous-vivid-amber-color has-text-color has-arial-font-family has-custom-font\" style=\"font-family:Arial\">Youtube\/Web\/Televizyon\/Radyo Kat\u0131ld\u0131\u011f\u0131m (Konuk oldu\u011fum) Canl\u0131 Yay\u0131nlar<\/h2>\n\n\n\n<h2 class=\"wp-block-heading has-text-align-center has-vivid-red-color has-text-color\">Yerli Bas\u0131n<\/h2>\n\n\n\n<p class=\"has-text-align-center\">Tv 100 <\/p>\n\n\n\n<p class=\"has-text-align-center\"> Turkish News Portal <\/p>\n\n\n\n<h2 class=\"wp-block-heading has-text-align-center has-vivid-red-color has-text-color\">Toplam<\/h2>\n\n\n\n<h2 class=\"wp-block-heading has-text-align-center\">2<\/h2>\n\n\n\n<div style=\"height:100px\" aria-hidden=\"true\" class=\"wp-block-spacer\"><\/div>\n\n\n\n<h2 class=\"wp-block-heading has-text-align-center has-luminous-vivid-amber-color has-text-color has-large-font-size\">Twitter Haberlerim<\/h2>\n\n\n\n<h2 class=\"wp-block-heading has-text-align-center has-medium-font-size\">(Tespit Ettiklerim)<\/h2>\n\n\n\n<div class=\"wp-block-columns is-layout-flex wp-container-core-columns-is-layout-7 wp-block-columns-is-layout-flex\">\n<div class=\"wp-block-column is-layout-flow wp-block-column-is-layout-flow\">\n<h2 class=\"wp-block-heading has-text-align-center has-vivid-red-color has-text-color\">Yerli Bas\u0131n<\/h2>\n\n\n\n<h2 class=\"wp-block-heading has-text-align-center has-large-font-size has-arial-font-family has-custom-font\" style=\"font-family:Arial\">69<\/h2>\n<\/div>\n<\/div>\n\n\n\n<h2 class=\"wp-block-heading has-text-align-center has-vivid-red-color has-text-color\">Uluslararas\u0131 Bas\u0131n<\/h2>\n\n\n\n<div style=\"height:100px\" aria-hidden=\"true\" class=\"wp-block-spacer\"><\/div>\n\n\n\n<h2 class=\"wp-block-heading has-text-align-center has-x-large-font-size has-vivid-cyan-blue-color has-text-color has-arial-font-family has-custom-font\" style=\"font-family:Arial\">2022 Y\u0131l\u0131nda Yap\u0131lan T\u00fcm Haberlerim (Genel)<\/h2>\n\n\n\n<h2 class=\"wp-block-heading has-text-align-center has-medium-font-size\">(Tespit Ettiklerim)<\/h2>\n\n\n\n<h2 class=\"wp-block-heading has-text-align-center has-x-large-font-size has-cyan-bluish-gray-color has-text-color has-arial-font-family has-custom-font\" style=\"font-family:Arial\">552<\/h2>\n\n\n\n<div style=\"height:100px\" aria-hidden=\"true\" class=\"wp-block-spacer\"><\/div>\n\n\n\n<h2 class=\"wp-block-heading has-text-align-center has-luminous-vivid-amber-color has-text-color has-large-font-size\">G\u00fcndeme Getirme \u00c7al\u0131\u015fmas\u0131ndan Sonra Olumlu Y\u00f6nde De\u011fi\u015fim Ge\u00e7ilen Tarihi Eserlerimiz<\/h2>\n\n\n\n<p class=\"has-text-align-center has-vivid-red-color has-text-color\">1-Ayasofya Camii\u2019nin su haznesi restore edildi.<\/p>\n\n\n\n<p class=\"has-text-align-center has-vivid-red-color has-text-color\">2-Ayasofya Camii\u2019nin bir Kap\u0131s\u0131\u2019n\u0131n bir par\u00e7as\u0131 eksikti, o tamamland\u0131.<\/p>\n\n\n\n<p class=\"has-text-align-center has-vivid-red-color has-text-color\">3-Ayasofya Camii\u2019ne valiz ile girilebiliyordu art\u0131k izin verilmiyor.<\/p>\n\n\n\n<p class=\"has-text-align-center has-vivid-red-color has-text-color\">4-Ayasofya Camii\u2019nin bir\u00e7ok duvar\u0131 art\u0131k k\u0131r\u0131lmaz cam korunuyor.<\/p>\n\n\n\n<p class=\"has-text-align-center has-vivid-red-color has-text-color\">5-Ayasofya Camii olduktan sonra x-ray cihazlar\u0131 kalkm\u0131\u015ft\u0131 ve t\u00fcm bu olaylar g\u00fcndeme geldikten sonra tekrar kondu<\/p>\n\n\n\n<p class=\"has-text-align-center has-vivid-red-color has-text-color\">6-Arapzade Abdurrahman \u00c7e\u015fmesi\u2019nin \u00f6n\u00fcne ve i\u00e7ine ev e\u015fyalar\u0131 konuyordu g\u00fcndeme getirdikten sonra kald\u0131r\u0131ld\u0131.<\/p>\n\n\n\n<p class=\"has-text-align-center has-vivid-red-color has-text-color\">7-G\u00fcndeme getirdikten sonra Tarihi Kazl\u0131\u00e7e\u015fme Hamam\u0131 temizlendi ve sat\u0131n al\u0131nmas\u0131 i\u00e7in \u00e7al\u0131\u015fmalar yap\u0131laca\u011f\u0131 s\u00f6ylendi.<\/p>\n\n\n\n<p class=\"has-text-align-center has-vivid-red-color has-text-color\">8-\u00c7emberlita\u015f\u2019\u0131n hemen \u00f6n\u00fcndeki reklam panosu kald\u0131r\u0131ld\u0131.<\/p>\n\n\n\n<p class=\"has-text-align-center has-vivid-red-color has-text-color\">9- Bostanc\u0131ba\u015f\u0131 Ali A\u011fa Camii\u2019nin \u00e7e\u015fmesinin restore edilece\u011fine dair hem \u0130BB den hem Fatih Belediyesi\u2019nden s\u00f6z ald\u0131m ama hen\u00fcz bir \u00e7al\u0131\u015fma olmad\u0131.<\/p>\n\n\n\n<p class=\"has-text-align-center has-vivid-red-color has-text-color\">10-\u0130stanbul surlar\u0131n\u0131n 6.Kulesinin restore edilece\u011fine dair s\u00f6z ald\u0131m, takip\u00e7isiyim<\/p>\n\n\n\n<h2 class=\"wp-block-heading has-text-align-center has-cyan-bluish-gray-color has-text-color\" style=\"font-size:100px\">2023<\/h2>\n\n\n\n<h2 class=\"wp-block-heading has-text-align-center has-large-font-size has-luminous-vivid-amber-color has-text-color has-arial-font-family has-custom-font\" style=\"font-family:Arial\">Web Sitesi Haberlerim<\/h2>\n\n\n\n<h2 class=\"wp-block-heading has-text-align-center has-medium-font-size has-arial-font-family has-custom-font\" style=\"font-family:Arial\">(Tespit ettiklerim)<\/h2>\n\n\n\n<h2 class=\"wp-block-heading has-text-align-center has-vivid-red-color has-text-color has-large-font-size\">Yerli Bas\u0131n<\/h2>\n\n\n\n<h2 class=\"wp-block-heading has-text-align-center has-large-font-size has-arial-font-family has-custom-font\" style=\"font-family:Arial\">735<\/h2>\n\n\n\n<h2 class=\"wp-block-heading has-text-align-center has-vivid-red-color has-text-color has-large-font-size\">Uluslararas\u0131 Bas\u0131n<\/h2>\n\n\n\n<h2 class=\"wp-block-heading has-text-align-center has-large-font-size has-arial-font-family has-custom-font\" style=\"font-family:Arial\">90<\/h2>\n\n\n\n<h2 class=\"wp-block-heading has-text-align-center has-vivid-red-color has-text-color has-large-font-size\">Toplam<\/h2>\n\n\n\n<h2 class=\"wp-block-heading has-text-align-center has-large-font-size has-arial-font-family has-custom-font\" style=\"font-family:Arial\">825<\/h2>\n\n\n\n<div style=\"height:100px\" aria-hidden=\"true\" class=\"wp-block-spacer\"><\/div>\n\n\n\n<h2 class=\"wp-block-heading has-text-align-center has-large-font-size has-luminous-vivid-amber-color has-text-color has-arial-font-family has-custom-font\" style=\"font-family:Arial\">Youtube\/Web\/Televizyon\/Radyo Kat\u0131ld\u0131\u011f\u0131m (Konuk oldu\u011fum) Programlar<\/h2>\n\n\n\n<p>1-\u0130stanbul\u2019un S\u0131rlar\u0131 program\u0131 (Erkam Radyo) (07\/08\/2023)- E\u015fsiz Miras\u0131m\u0131z Muhaf\u0131z\u0131 ve Web sitem ile ilgili.<\/p>\n\n\n\n<p>2-\u0130stanbul\u2019un S\u0131rlar\u0131 program\u0131 (Erkam Radyo) (08\/08\/2023)- Ayasofya Camii ile ilgili. <\/p>\n\n\n\n<h2 class=\"wp-block-heading has-text-align-center has-vivid-red-color has-text-color has-large-font-size\">Toplam <\/h2>\n\n\n\n<h2 class=\"wp-block-heading has-text-align-center has-large-font-size\">2<\/h2>\n\n\n\n<div style=\"height:100px\" aria-hidden=\"true\" class=\"wp-block-spacer\"><\/div>\n\n\n\n<h2 class=\"wp-block-heading has-text-align-center has-x-large-font-size has-vivid-cyan-blue-color has-text-color has-arial-font-family has-custom-font\" style=\"font-family:Arial\">2023 Y\u0131l\u0131nda Yap\u0131lan T\u00fcm Haberlerim (Genel)<\/h2>\n\n\n\n<h2 class=\"wp-block-heading has-text-align-center has-medium-font-size\">(Tespit Ettiklerim)<\/h2>\n\n\n\n<h2 class=\"wp-block-heading has-text-align-center has-cyan-bluish-gray-color has-text-color has-arial-font-family has-custom-font\" style=\"font-size:72px;font-family:Arial\">825<\/h2>\n","protected":false},"excerpt":{"rendered":"<p>Bug\u00fcne kadar yap\u0131lan haberlerim (Genel) (Ulusal ve Uluslararas\u0131) (Tespit ettiklerim) 2335 2022 Web Sitesi Haberlerim (Tespit ettiklerim) Yerli Bas\u0131n 212 Uluslararas\u0131 Bas\u0131n 223 Toplam 435 Gazete Haberlerim (Tespit ettiklerim) Yerli Bas\u0131n Sabah Gazetesi (2) S\u00f6zc\u00fc (1) Yeni \u00c7a\u011fr\u0131 (1) Mu\u011fla Yenig\u00fcn (1) Damga Gazetesi (1) Uluslararas\u0131 Bas\u0131n S\u00fcddeutsche Zeitung (1) Toplam 7 Youtube\/Web Video\/Televizyon\/Radyo Haberlerim (Tespit Ettiklerim) Yerli Bas\u0131n Atv (2) S\u00f6zc\u00fc (1) Tv 100 (7) Cadde Tv (1) Cumhuriyet Tv (1) Ger\u00e7ek G\u00fcndem (3) A haber (1) Fox (1) Halk Tv (1) Anka Haber Ajans\u0131 (1) Demir\u00f6ren Haber Ajans\u0131 (1) Habert\u00fcrk (8) Trt Haber (3) Cnn T\u00fcrk (1) Tvnet (1) Dailymotion (8) Toplam 41 Youtube\/Web\/Televizyon\/Radyo Kat\u0131ld\u0131\u011f\u0131m (Konuk oldu\u011fum) Programlar Yerli Bas\u0131n Cumhuriyet Tv Cadde Tv Turkish News Portal Toplam 3 Youtube\/Web\/Televizyon\/Radyo Kat\u0131ld\u0131\u011f\u0131m (Konuk oldu\u011fum) Canl\u0131 Yay\u0131nlar Yerli Bas\u0131n Tv 100 Turkish News Portal Toplam 2 Twitter Haberlerim (Tespit Ettiklerim) Yerli Bas\u0131n 69 Uluslararas\u0131 Bas\u0131n 2022 Y\u0131l\u0131nda Yap\u0131lan T\u00fcm Haberlerim (Genel) (Tespit Ettiklerim) 552 G\u00fcndeme Getirme \u00c7al\u0131\u015fmas\u0131ndan Sonra Olumlu Y\u00f6nde De\u011fi\u015fim Ge\u00e7ilen Tarihi Eserlerimiz 1-Ayasofya Camii\u2019nin su haznesi restore edildi. 2-Ayasofya Camii\u2019nin bir Kap\u0131s\u0131\u2019n\u0131n bir par\u00e7as\u0131 eksikti, o tamamland\u0131. 3-Ayasofya Camii\u2019ne valiz ile girilebiliyordu art\u0131k izin verilmiyor. 4-Ayasofya Camii\u2019nin bir\u00e7ok duvar\u0131 art\u0131k k\u0131r\u0131lmaz cam korunuyor. 5-Ayasofya Camii olduktan sonra x-ray cihazlar\u0131 kalkm\u0131\u015ft\u0131 ve t\u00fcm bu olaylar g\u00fcndeme geldikten sonra tekrar kondu 6-Arapzade Abdurrahman \u00c7e\u015fmesi\u2019nin \u00f6n\u00fcne ve i\u00e7ine ev e\u015fyalar\u0131 konuyordu g\u00fcndeme getirdikten sonra kald\u0131r\u0131ld\u0131. 7-G\u00fcndeme getirdikten sonra Tarihi Kazl\u0131\u00e7e\u015fme Hamam\u0131 temizlendi ve sat\u0131n al\u0131nmas\u0131 i\u00e7in \u00e7al\u0131\u015fmalar yap\u0131laca\u011f\u0131 s\u00f6ylendi. 8-\u00c7emberlita\u015f\u2019\u0131n hemen \u00f6n\u00fcndeki reklam panosu kald\u0131r\u0131ld\u0131. 9- Bostanc\u0131ba\u015f\u0131 Ali A\u011fa Camii\u2019nin \u00e7e\u015fmesinin restore edilece\u011fine dair hem \u0130BB den hem Fatih Belediyesi\u2019nden s\u00f6z ald\u0131m ama hen\u00fcz bir \u00e7al\u0131\u015fma olmad\u0131. 10-\u0130stanbul surlar\u0131n\u0131n 6.Kulesinin restore edilece\u011fine dair s\u00f6z ald\u0131m, takip\u00e7isiyim 2023 Web Sitesi Haberlerim (Tespit ettiklerim) Yerli Bas\u0131n 735 Uluslararas\u0131 Bas\u0131n 90 Toplam 825 Youtube\/Web\/Televizyon\/Radyo Kat\u0131ld\u0131\u011f\u0131m (Konuk oldu\u011fum) Programlar 1-\u0130stanbul\u2019un S\u0131rlar\u0131 program\u0131 (Erkam Radyo) (07\/08\/2023)- E\u015fsiz Miras\u0131m\u0131z Muhaf\u0131z\u0131 ve Web sitem ile ilgili. 2-\u0130stanbul\u2019un S\u0131rlar\u0131 program\u0131 (Erkam Radyo) (08\/08\/2023)- Ayasofya Camii ile ilgili. Toplam 2 2023 Y\u0131l\u0131nda Yap\u0131lan T\u00fcm Haberlerim (Genel) (Tespit Ettiklerim) 825<\/p>\n","protected":false},"author":1,"featured_media":0,"parent":0,"menu_order":0,"comment_status":"closed","ping_status":"closed","template":"","meta":{"footnotes":""},"class_list":["post-951","page","type-page","status-publish","hentry"],"_links":{"self":[{"href":"https:\/\/omerfarukyavascay.com\/index.php?rest_route=\/wp\/v2\/pages\/951","targetHints":{"allow":["GET"]}}],"collection":[{"href":"https:\/\/omerfarukyavascay.com\/index.php?rest_route=\/wp\/v2\/pages"}],"about":[{"href":"https:\/\/omerfarukyavascay.com\/index.php?rest_route=\/wp\/v2\/types\/page"}],"author":[{"embeddable":true,"href":"https:\/\/omerfarukyavascay.com\/index.php?rest_route=\/wp\/v2\/users\/1"}],"replies":[{"embeddable":true,"href":"https:\/\/omerfarukyavascay.com\/index.php?rest_route=%2Fwp%2Fv2%2Fcomments&post=951"}],"version-history":[{"count":77,"href":"https:\/\/omerfarukyavascay.com\/index.php?rest_route=\/wp\/v2\/pages\/951\/revisions"}],"predecessor-version":[{"id":2183,"href":"https:\/\/omerfarukyavascay.com\/index.php?rest_route=\/wp\/v2\/pages\/951\/revisions\/2183"}],"wp:attachment":[{"href":"https:\/\/omerfarukyavascay.com\/index.php?rest_route=%2Fwp%2Fv2%2Fmedia&parent=951"}],"curies":[{"name":"wp","href":"https:\/\/api.w.org\/{rel}","templated":true}]}}